{"id":1244,"date":"2021-03-04T14:22:23","date_gmt":"2021-03-04T13:22:23","guid":{"rendered":"http:\/\/gpart-creation.com\/?page_id=1244"},"modified":"2021-04-30T14:20:59","modified_gmt":"2021-04-30T12:20:59","slug":"le-dessin-illustration-portrait-dessin-traditionnel-dessin-numerique","status":"publish","type":"page","link":"https:\/\/gpart-creation.com\/index.php\/le-dessin-illustration-portrait-dessin-traditionnel-dessin-numerique\/","title":{"rendered":"Illustration"},"content":{"rendered":"\n<p class=\"has-text-align-center\">Vous trouverez dans cette galerie un \u00e9chantillon de mes illustrations.<\/p>\n\n\n\n<p class=\"has-text-align-center\"> Se sont des dessins de portraits r\u00e9alis\u00e9s de fa\u00e7on traditionnel (papier et crayon), ou num\u00e9rique avec une tablette graphique. Voire les deux&#8230;<\/p>\n\n\n\n<p><\/p>\n\n\n\n<p><\/p>\n\n\n\n<div class=\"wp-block-columns alignfull are-vertically-aligned-center is-layout-flex wp-container-core-columns-is-layout-9d6595d7 wp-block-columns-is-layout-flex\">\n<div class=\"wp-block-column is-vertically-aligned-center is-layout-flow wp-block-column-is-layout-flow\">\n<figure class=\"wp-block-image size-large\"><img data-recalc-dims=\"1\" fetchpriority=\"high\" decoding=\"async\" width=\"773\" height=\"1024\" src=\"https:\/\/i0.wp.com\/gpart-creation.com\/wp-content\/uploads\/2021\/04\/cotillard_001-4.jpg?resize=773%2C1024&#038;ssl=1\" alt=\"dessin de Marion Cotillard\" class=\"wp-image-1395\" srcset=\"https:\/\/i0.wp.com\/gpart-creation.com\/wp-content\/uploads\/2021\/04\/cotillard_001-4-scaled.jpg?resize=773%2C1024&amp;ssl=1 773w, https:\/\/i0.wp.com\/gpart-creation.com\/wp-content\/uploads\/2021\/04\/cotillard_001-4-scaled.jpg?resize=226%2C300&amp;ssl=1 226w, https:\/\/i0.wp.com\/gpart-creation.com\/wp-content\/uploads\/2021\/04\/cotillard_001-4-scaled.jpg?resize=768%2C1017&amp;ssl=1 768w, https:\/\/i0.wp.com\/gpart-creation.com\/wp-content\/uploads\/2021\/04\/cotillard_001-4-scaled.jpg?resize=1159%2C1536&amp;ssl=1 1159w, https:\/\/i0.wp.com\/gpart-creation.com\/wp-content\/uploads\/2021\/04\/cotillard_001-4-scaled.jpg?resize=1546%2C2048&amp;ssl=1 1546w, https:\/\/i0.wp.com\/gpart-creation.com\/wp-content\/uploads\/2021\/04\/cotillard_001-4-scaled.jpg?resize=1140%2C1510&amp;ssl=1 1140w, https:\/\/i0.wp.com\/gpart-creation.com\/wp-content\/uploads\/2021\/04\/cotillard_001-4-scaled.jpg?resize=600%2C795&amp;ssl=1 600w, https:\/\/i0.wp.com\/gpart-creation.com\/wp-content\/uploads\/2021\/04\/cotillard_001-4-scaled.jpg?w=1932&amp;ssl=1 1932w\" sizes=\"(max-width: 773px) 100vw, 773px\" \/><\/figure>\n<\/div>\n\n\n\n<div class=\"wp-block-column is-vertically-aligned-center is-layout-flow wp-block-column-is-layout-flow\">\n<figure class=\"wp-block-image size-large\"><img data-recalc-dims=\"1\" decoding=\"async\" width=\"669\" height=\"1024\" src=\"https:\/\/i0.wp.com\/gpart-creation.com\/wp-content\/uploads\/2021\/04\/la-petite-fille-du-printemps-3-detoure-blanc.jpg?resize=669%2C1024&#038;ssl=1\" alt=\"dessin crayon avec colorisation num\u00e9rique\" class=\"wp-image-1401\" srcset=\"https:\/\/i0.wp.com\/gpart-creation.com\/wp-content\/uploads\/2021\/04\/la-petite-fille-du-printemps-3-detoure-blanc-scaled.jpg?resize=669%2C1024&amp;ssl=1 669w, https:\/\/i0.wp.com\/gpart-creation.com\/wp-content\/uploads\/2021\/04\/la-petite-fille-du-printemps-3-detoure-blanc-scaled.jpg?resize=196%2C300&amp;ssl=1 196w, https:\/\/i0.wp.com\/gpart-creation.com\/wp-content\/uploads\/2021\/04\/la-petite-fille-du-printemps-3-detoure-blanc-scaled.jpg?resize=768%2C1176&amp;ssl=1 768w, https:\/\/i0.wp.com\/gpart-creation.com\/wp-content\/uploads\/2021\/04\/la-petite-fille-du-printemps-3-detoure-blanc-scaled.jpg?resize=1003%2C1536&amp;ssl=1 1003w, https:\/\/i0.wp.com\/gpart-creation.com\/wp-content\/uploads\/2021\/04\/la-petite-fille-du-printemps-3-detoure-blanc-scaled.jpg?resize=1338%2C2048&amp;ssl=1 1338w, https:\/\/i0.wp.com\/gpart-creation.com\/wp-content\/uploads\/2021\/04\/la-petite-fille-du-printemps-3-detoure-blanc-scaled.jpg?resize=1140%2C1745&amp;ssl=1 1140w, https:\/\/i0.wp.com\/gpart-creation.com\/wp-content\/uploads\/2021\/04\/la-petite-fille-du-printemps-3-detoure-blanc-scaled.jpg?resize=600%2C918&amp;ssl=1 600w, https:\/\/i0.wp.com\/gpart-creation.com\/wp-content\/uploads\/2021\/04\/la-petite-fille-du-printemps-3-detoure-blanc-scaled.jpg?w=1672&amp;ssl=1 1672w\" sizes=\"(max-width: 669px) 100vw, 669px\" \/><\/figure>\n<\/div>\n<\/div>\n\n\n\n<div class=\"wp-block-columns alignfull is-layout-flex wp-container-core-columns-is-layout-9d6595d7 wp-block-columns-is-layout-flex\">\n<div class=\"wp-block-column is-layout-flow wp-block-column-is-layout-flow\">\n<figure class=\"wp-block-image size-large\"><img data-recalc-dims=\"1\" decoding=\"async\" width=\"600\" height=\"843\" src=\"https:\/\/i0.wp.com\/gpart-creation.com\/wp-content\/uploads\/2021\/04\/casta-noir-et-blanc.jpg?resize=600%2C843&#038;ssl=1\" alt=\"dessin num\u00e9rique avec decolorisation\" class=\"wp-image-1397\" srcset=\"https:\/\/i0.wp.com\/gpart-creation.com\/wp-content\/uploads\/2021\/04\/casta-noir-et-blanc.jpg?w=600&amp;ssl=1 600w, https:\/\/i0.wp.com\/gpart-creation.com\/wp-content\/uploads\/2021\/04\/casta-noir-et-blanc.jpg?resize=214%2C300&amp;ssl=1 214w\" sizes=\"(max-width: 600px) 100vw, 600px\" \/><\/figure>\n<\/div>\n\n\n\n<div class=\"wp-block-column is-layout-flow wp-block-column-is-layout-flow\">\n<figure class=\"wp-block-image size-large\"><img data-recalc-dims=\"1\" loading=\"lazy\" decoding=\"async\" width=\"768\" height=\"1024\" src=\"https:\/\/i0.wp.com\/gpart-creation.com\/wp-content\/uploads\/2021\/04\/louanemathis-TRAIT-fond.jpg?resize=768%2C1024&#038;ssl=1\" alt=\"portrait num\u00e9rique avec colorisation\" class=\"wp-image-1399\" srcset=\"https:\/\/i0.wp.com\/gpart-creation.com\/wp-content\/uploads\/2021\/04\/louanemathis-TRAIT-fond-scaled.jpg?resize=768%2C1024&amp;ssl=1 768w, https:\/\/i0.wp.com\/gpart-creation.com\/wp-content\/uploads\/2021\/04\/louanemathis-TRAIT-fond-scaled.jpg?resize=225%2C300&amp;ssl=1 225w, https:\/\/i0.wp.com\/gpart-creation.com\/wp-content\/uploads\/2021\/04\/louanemathis-TRAIT-fond-scaled.jpg?resize=1152%2C1536&amp;ssl=1 1152w, https:\/\/i0.wp.com\/gpart-creation.com\/wp-content\/uploads\/2021\/04\/louanemathis-TRAIT-fond-scaled.jpg?resize=1536%2C2048&amp;ssl=1 1536w, https:\/\/i0.wp.com\/gpart-creation.com\/wp-content\/uploads\/2021\/04\/louanemathis-TRAIT-fond-scaled.jpg?resize=1140%2C1520&amp;ssl=1 1140w, https:\/\/i0.wp.com\/gpart-creation.com\/wp-content\/uploads\/2021\/04\/louanemathis-TRAIT-fond-scaled.jpg?resize=600%2C800&amp;ssl=1 600w, https:\/\/i0.wp.com\/gpart-creation.com\/wp-content\/uploads\/2021\/04\/louanemathis-TRAIT-fond-scaled.jpg?w=1920&amp;ssl=1 1920w\" sizes=\"(max-width: 768px) 100vw, 768px\" \/><\/figure>\n<\/div>\n<\/div>\n\n\n\n<div class=\"wp-block-columns alignfull are-vertically-aligned-center is-layout-flex wp-container-core-columns-is-layout-9d6595d7 wp-block-columns-is-layout-flex\">\n<div class=\"wp-block-column is-vertically-aligned-center is-layout-flow wp-block-column-is-layout-flow\">\n<figure class=\"wp-block-image size-large\"><img data-recalc-dims=\"1\" loading=\"lazy\" decoding=\"async\" width=\"831\" height=\"1024\" src=\"https:\/\/i0.wp.com\/gpart-creation.com\/wp-content\/uploads\/2021\/02\/auto-portrait-2-couleur-turquoise.jpg?resize=831%2C1024&#038;ssl=1\" alt=\"\" class=\"wp-image-952\" srcset=\"https:\/\/i0.wp.com\/gpart-creation.com\/wp-content\/uploads\/2021\/02\/auto-portrait-2-couleur-turquoise.jpg?resize=831%2C1024&amp;ssl=1 831w, https:\/\/i0.wp.com\/gpart-creation.com\/wp-content\/uploads\/2021\/02\/auto-portrait-2-couleur-turquoise.jpg?resize=243%2C300&amp;ssl=1 243w, https:\/\/i0.wp.com\/gpart-creation.com\/wp-content\/uploads\/2021\/02\/auto-portrait-2-couleur-turquoise.jpg?resize=768%2C946&amp;ssl=1 768w, https:\/\/i0.wp.com\/gpart-creation.com\/wp-content\/uploads\/2021\/02\/auto-portrait-2-couleur-turquoise.jpg?resize=1247%2C1536&amp;ssl=1 1247w, https:\/\/i0.wp.com\/gpart-creation.com\/wp-content\/uploads\/2021\/02\/auto-portrait-2-couleur-turquoise.jpg?resize=1662%2C2048&amp;ssl=1 1662w, https:\/\/i0.wp.com\/gpart-creation.com\/wp-content\/uploads\/2021\/02\/auto-portrait-2-couleur-turquoise.jpg?resize=1140%2C1405&amp;ssl=1 1140w, https:\/\/i0.wp.com\/gpart-creation.com\/wp-content\/uploads\/2021\/02\/auto-portrait-2-couleur-turquoise.jpg?resize=600%2C739&amp;ssl=1 600w, https:\/\/i0.wp.com\/gpart-creation.com\/wp-content\/uploads\/2021\/02\/auto-portrait-2-couleur-turquoise.jpg?w=1770&amp;ssl=1 1770w\" sizes=\"(max-width: 831px) 100vw, 831px\" \/><\/figure>\n\n\n\n<p><\/p>\n<\/div>\n\n\n\n<div class=\"wp-block-column is-vertically-aligned-center is-layout-flow wp-block-column-is-layout-flow\">\n<figure class=\"wp-block-image size-large\"><img data-recalc-dims=\"1\" loading=\"lazy\" decoding=\"async\" width=\"960\" height=\"643\" src=\"https:\/\/i0.wp.com\/gpart-creation.com\/wp-content\/uploads\/2021\/02\/mamie2.jpg?resize=960%2C643&#038;ssl=1\" alt=\"\" class=\"wp-image-1021\" srcset=\"https:\/\/i0.wp.com\/gpart-creation.com\/wp-content\/uploads\/2021\/02\/mamie2.jpg?resize=1024%2C686&amp;ssl=1 1024w, https:\/\/i0.wp.com\/gpart-creation.com\/wp-content\/uploads\/2021\/02\/mamie2.jpg?resize=300%2C201&amp;ssl=1 300w, https:\/\/i0.wp.com\/gpart-creation.com\/wp-content\/uploads\/2021\/02\/mamie2.jpg?resize=768%2C514&amp;ssl=1 768w, https:\/\/i0.wp.com\/gpart-creation.com\/wp-content\/uploads\/2021\/02\/mamie2.jpg?resize=1536%2C1029&amp;ssl=1 1536w, https:\/\/i0.wp.com\/gpart-creation.com\/wp-content\/uploads\/2021\/02\/mamie2.jpg?resize=1140%2C763&amp;ssl=1 1140w, https:\/\/i0.wp.com\/gpart-creation.com\/wp-content\/uploads\/2021\/02\/mamie2.jpg?resize=600%2C402&amp;ssl=1 600w, https:\/\/i0.wp.com\/gpart-creation.com\/wp-content\/uploads\/2021\/02\/mamie2.jpg?w=1744&amp;ssl=1 1744w\" sizes=\"(max-width: 960px) 100vw, 960px\" \/><\/figure>\n<\/div>\n<\/div>\n\n\n\n<p><\/p>\n","protected":false},"excerpt":{"rendered":"<p>Vous trouverez dans cette galerie un \u00e9chantillon de mes illustrations. Se sont des dessins de portraits r\u00e9alis\u00e9s de fa\u00e7on traditionnel (papier et crayon), ou num\u00e9rique avec une tablette graphique. Voire les deux&#8230;<\/p>\n","protected":false},"author":1,"featured_media":0,"parent":0,"menu_order":0,"comment_status":"closed","ping_status":"closed","template":"","meta":{"footnotes":""},"class_list":["post-1244","page","type-page","status-publish","hentry"],"yoast_head":"<!-- This site is optimized with the Yoast SEO plugin v27.4 - https:\/\/yoast.com\/product\/yoast-seo-wordpress\/ -->\n<title>Illustration - Portrait - Dessin traditionnel - Dessin Num\u00e9rique<\/title>\n<meta name=\"description\" content=\"Illustration de portrait, sous forme de dessin traditionnel (crayon) ou de dessin num\u00e9rique gr\u00e2ce \u00e0 une tablette graphique, voire les deux...\" \/>\n<meta name=\"robots\" content=\"index, follow, max-snippet:-1, max-image-preview:large, max-video-preview:-1\" \/>\n<link rel=\"canonical\" href=\"https:\/\/gpart-creation.com\/index.php\/le-dessin-illustration-portrait-dessin-traditionnel-dessin-numerique\/\" \/>\n<meta property=\"og:locale\" content=\"fr_FR\" \/>\n<meta property=\"og:type\" content=\"article\" \/>\n<meta property=\"og:title\" content=\"Illustration - Portrait - Dessin traditionnel - Dessin Num\u00e9rique\" \/>\n<meta property=\"og:description\" content=\"Illustration de portrait, sous forme de dessin traditionnel (crayon) ou de dessin num\u00e9rique gr\u00e2ce \u00e0 une tablette graphique, voire les deux...\" \/>\n<meta property=\"og:url\" content=\"https:\/\/gpart-creation.com\/index.php\/le-dessin-illustration-portrait-dessin-traditionnel-dessin-numerique\/\" \/>\n<meta property=\"og:site_name\" content=\"gpart-creation\" \/>\n<meta property=\"article:modified_time\" content=\"2021-04-30T12:20:59+00:00\" \/>\n<meta property=\"og:image\" content=\"https:\/\/gpart-creation.com\/wp-content\/uploads\/2021\/04\/cotillard_001-4-773x1024.jpg\" \/>\n<meta name=\"twitter:card\" content=\"summary_large_image\" \/>\n<script type=\"application\/ld+json\" class=\"yoast-schema-graph\">{\"@context\":\"https:\\\/\\\/schema.org\",\"@graph\":[{\"@type\":\"WebPage\",\"@id\":\"https:\\\/\\\/gpart-creation.com\\\/index.php\\\/le-dessin-illustration-portrait-dessin-traditionnel-dessin-numerique\\\/\",\"url\":\"https:\\\/\\\/gpart-creation.com\\\/index.php\\\/le-dessin-illustration-portrait-dessin-traditionnel-dessin-numerique\\\/\",\"name\":\"Illustration - Portrait - Dessin traditionnel - Dessin Num\u00e9rique\",\"isPartOf\":{\"@id\":\"https:\\\/\\\/gpart-creation.com\\\/#website\"},\"primaryImageOfPage\":{\"@id\":\"https:\\\/\\\/gpart-creation.com\\\/index.php\\\/le-dessin-illustration-portrait-dessin-traditionnel-dessin-numerique\\\/#primaryimage\"},\"image\":{\"@id\":\"https:\\\/\\\/gpart-creation.com\\\/index.php\\\/le-dessin-illustration-portrait-dessin-traditionnel-dessin-numerique\\\/#primaryimage\"},\"thumbnailUrl\":\"https:\\\/\\\/gpart-creation.com\\\/wp-content\\\/uploads\\\/2021\\\/04\\\/cotillard_001-4-773x1024.jpg\",\"datePublished\":\"2021-03-04T13:22:23+00:00\",\"dateModified\":\"2021-04-30T12:20:59+00:00\",\"description\":\"Illustration de portrait, sous forme de dessin traditionnel (crayon) ou de dessin num\u00e9rique gr\u00e2ce \u00e0 une tablette graphique, voire les deux...\",\"breadcrumb\":{\"@id\":\"https:\\\/\\\/gpart-creation.com\\\/index.php\\\/le-dessin-illustration-portrait-dessin-traditionnel-dessin-numerique\\\/#breadcrumb\"},\"inLanguage\":\"fr-FR\",\"potentialAction\":[{\"@type\":\"ReadAction\",\"target\":[\"https:\\\/\\\/gpart-creation.com\\\/index.php\\\/le-dessin-illustration-portrait-dessin-traditionnel-dessin-numerique\\\/\"]}]},{\"@type\":\"ImageObject\",\"inLanguage\":\"fr-FR\",\"@id\":\"https:\\\/\\\/gpart-creation.com\\\/index.php\\\/le-dessin-illustration-portrait-dessin-traditionnel-dessin-numerique\\\/#primaryimage\",\"url\":\"https:\\\/\\\/i0.wp.com\\\/gpart-creation.com\\\/wp-content\\\/uploads\\\/2021\\\/04\\\/cotillard_001-4-scaled.jpg?fit=1932%2C2560&ssl=1\",\"contentUrl\":\"https:\\\/\\\/i0.wp.com\\\/gpart-creation.com\\\/wp-content\\\/uploads\\\/2021\\\/04\\\/cotillard_001-4-scaled.jpg?fit=1932%2C2560&ssl=1\",\"width\":1932,\"height\":2560,\"caption\":\"Marion C. Noir et Blanc\"},{\"@type\":\"BreadcrumbList\",\"@id\":\"https:\\\/\\\/gpart-creation.com\\\/index.php\\\/le-dessin-illustration-portrait-dessin-traditionnel-dessin-numerique\\\/#breadcrumb\",\"itemListElement\":[{\"@type\":\"ListItem\",\"position\":1,\"name\":\"Accueil\",\"item\":\"https:\\\/\\\/gpart-creation.com\\\/\"},{\"@type\":\"ListItem\",\"position\":2,\"name\":\"Illustration\"}]},{\"@type\":\"WebSite\",\"@id\":\"https:\\\/\\\/gpart-creation.com\\\/#website\",\"url\":\"https:\\\/\\\/gpart-creation.com\\\/\",\"name\":\"gpart-creation\",\"description\":\"mon univers d&#039;artiste\",\"potentialAction\":[{\"@type\":\"SearchAction\",\"target\":{\"@type\":\"EntryPoint\",\"urlTemplate\":\"https:\\\/\\\/gpart-creation.com\\\/?s={search_term_string}\"},\"query-input\":{\"@type\":\"PropertyValueSpecification\",\"valueRequired\":true,\"valueName\":\"search_term_string\"}}],\"inLanguage\":\"fr-FR\"}]}<\/script>\n<!-- \/ Yoast SEO plugin. -->","yoast_head_json":{"title":"Illustration - Portrait - Dessin traditionnel - Dessin Num\u00e9rique","description":"Illustration de portrait, sous forme de dessin traditionnel (crayon) ou de dessin num\u00e9rique gr\u00e2ce \u00e0 une tablette graphique, voire les deux...","robots":{"index":"index","follow":"follow","max-snippet":"max-snippet:-1","max-image-preview":"max-image-preview:large","max-video-preview":"max-video-preview:-1"},"canonical":"https:\/\/gpart-creation.com\/index.php\/le-dessin-illustration-portrait-dessin-traditionnel-dessin-numerique\/","og_locale":"fr_FR","og_type":"article","og_title":"Illustration - Portrait - Dessin traditionnel - Dessin Num\u00e9rique","og_description":"Illustration de portrait, sous forme de dessin traditionnel (crayon) ou de dessin num\u00e9rique gr\u00e2ce \u00e0 une tablette graphique, voire les deux...","og_url":"https:\/\/gpart-creation.com\/index.php\/le-dessin-illustration-portrait-dessin-traditionnel-dessin-numerique\/","og_site_name":"gpart-creation","article_modified_time":"2021-04-30T12:20:59+00:00","og_image":[{"url":"https:\/\/gpart-creation.com\/wp-content\/uploads\/2021\/04\/cotillard_001-4-773x1024.jpg","type":"","width":"","height":""}],"twitter_card":"summary_large_image","schema":{"@context":"https:\/\/schema.org","@graph":[{"@type":"WebPage","@id":"https:\/\/gpart-creation.com\/index.php\/le-dessin-illustration-portrait-dessin-traditionnel-dessin-numerique\/","url":"https:\/\/gpart-creation.com\/index.php\/le-dessin-illustration-portrait-dessin-traditionnel-dessin-numerique\/","name":"Illustration - Portrait - Dessin traditionnel - Dessin Num\u00e9rique","isPartOf":{"@id":"https:\/\/gpart-creation.com\/#website"},"primaryImageOfPage":{"@id":"https:\/\/gpart-creation.com\/index.php\/le-dessin-illustration-portrait-dessin-traditionnel-dessin-numerique\/#primaryimage"},"image":{"@id":"https:\/\/gpart-creation.com\/index.php\/le-dessin-illustration-portrait-dessin-traditionnel-dessin-numerique\/#primaryimage"},"thumbnailUrl":"https:\/\/gpart-creation.com\/wp-content\/uploads\/2021\/04\/cotillard_001-4-773x1024.jpg","datePublished":"2021-03-04T13:22:23+00:00","dateModified":"2021-04-30T12:20:59+00:00","description":"Illustration de portrait, sous forme de dessin traditionnel (crayon) ou de dessin num\u00e9rique gr\u00e2ce \u00e0 une tablette graphique, voire les deux...","breadcrumb":{"@id":"https:\/\/gpart-creation.com\/index.php\/le-dessin-illustration-portrait-dessin-traditionnel-dessin-numerique\/#breadcrumb"},"inLanguage":"fr-FR","potentialAction":[{"@type":"ReadAction","target":["https:\/\/gpart-creation.com\/index.php\/le-dessin-illustration-portrait-dessin-traditionnel-dessin-numerique\/"]}]},{"@type":"ImageObject","inLanguage":"fr-FR","@id":"https:\/\/gpart-creation.com\/index.php\/le-dessin-illustration-portrait-dessin-traditionnel-dessin-numerique\/#primaryimage","url":"https:\/\/i0.wp.com\/gpart-creation.com\/wp-content\/uploads\/2021\/04\/cotillard_001-4-scaled.jpg?fit=1932%2C2560&ssl=1","contentUrl":"https:\/\/i0.wp.com\/gpart-creation.com\/wp-content\/uploads\/2021\/04\/cotillard_001-4-scaled.jpg?fit=1932%2C2560&ssl=1","width":1932,"height":2560,"caption":"Marion C. Noir et Blanc"},{"@type":"BreadcrumbList","@id":"https:\/\/gpart-creation.com\/index.php\/le-dessin-illustration-portrait-dessin-traditionnel-dessin-numerique\/#breadcrumb","itemListElement":[{"@type":"ListItem","position":1,"name":"Accueil","item":"https:\/\/gpart-creation.com\/"},{"@type":"ListItem","position":2,"name":"Illustration"}]},{"@type":"WebSite","@id":"https:\/\/gpart-creation.com\/#website","url":"https:\/\/gpart-creation.com\/","name":"gpart-creation","description":"mon univers d&#039;artiste","potentialAction":[{"@type":"SearchAction","target":{"@type":"EntryPoint","urlTemplate":"https:\/\/gpart-creation.com\/?s={search_term_string}"},"query-input":{"@type":"PropertyValueSpecification","valueRequired":true,"valueName":"search_term_string"}}],"inLanguage":"fr-FR"}]}},"acf":[],"jetpack_sharing_enabled":true,"_links":{"self":[{"href":"https:\/\/gpart-creation.com\/index.php\/wp-json\/wp\/v2\/pages\/1244","targetHints":{"allow":["GET"]}}],"collection":[{"href":"https:\/\/gpart-creation.com\/index.php\/wp-json\/wp\/v2\/pages"}],"about":[{"href":"https:\/\/gpart-creation.com\/index.php\/wp-json\/wp\/v2\/types\/page"}],"author":[{"embeddable":true,"href":"https:\/\/gpart-creation.com\/index.php\/wp-json\/wp\/v2\/users\/1"}],"replies":[{"embeddable":true,"href":"https:\/\/gpart-creation.com\/index.php\/wp-json\/wp\/v2\/comments?post=1244"}],"version-history":[{"count":6,"href":"https:\/\/gpart-creation.com\/index.php\/wp-json\/wp\/v2\/pages\/1244\/revisions"}],"predecessor-version":[{"id":1406,"href":"https:\/\/gpart-creation.com\/index.php\/wp-json\/wp\/v2\/pages\/1244\/revisions\/1406"}],"wp:attachment":[{"href":"https:\/\/gpart-creation.com\/index.php\/wp-json\/wp\/v2\/media?parent=1244"}],"curies":[{"name":"wp","href":"https:\/\/api.w.org\/{rel}","templated":true}]}}