{"id":1253,"date":"2021-03-04T16:03:46","date_gmt":"2021-03-04T15:03:46","guid":{"rendered":"http:\/\/gpart-creation.com\/?page_id=1253"},"modified":"2021-05-19T22:22:54","modified_gmt":"2021-05-19T20:22:54","slug":"peinture-toiles-paysage-personnage-interpretation-couleur-valeurs-suggestion","status":"publish","type":"page","link":"https:\/\/gpart-creation.com\/index.php\/peinture-toiles-paysage-personnage-interpretation-couleur-valeurs-suggestion\/","title":{"rendered":"Peinture"},"content":{"rendered":"\t\t<div data-elementor-type=\"wp-page\" data-elementor-id=\"1253\" class=\"elementor elementor-1253\">\n\t\t\t\t\t\t<section class=\"elementor-section elementor-top-section elementor-element elementor-element-5f725bff elementor-section-boxed elementor-section-height-default elementor-section-height-default\" data-id=\"5f725bff\" data-element_type=\"section\" data-e-type=\"section\">\n\t\t\t\t\t\t<div class=\"elementor-container elementor-column-gap-default\">\n\t\t\t\t\t<div class=\"elementor-column elementor-col-100 elementor-top-column elementor-element elementor-element-2f915c66\" data-id=\"2f915c66\" data-element_type=\"column\" data-e-type=\"column\">\n\t\t\t<div class=\"elementor-widget-wrap elementor-element-populated\">\n\t\t\t\t\t\t<div class=\"elementor-element elementor-element-3832b5f7 elementor-widget elementor-widget-text-editor\" data-id=\"3832b5f7\" data-element_type=\"widget\" data-e-type=\"widget\" data-widget_type=\"text-editor.default\">\n\t\t\t\t<div class=\"elementor-widget-container\">\n\t\t\t\t\t\t\t\t\t\n<p style=\"text-align: center;\">Quelques toiles et peintures sur Canson. Divers th\u00e8mes abord\u00e9s (personnage, paysage, animaux, objet&#8230;).<\/p>\n\n<p style=\"text-align: center;\">Avec un travail sur de la lumi\u00e8re, les volumes, la suggestion, ou encore les couleurs. J&rsquo;utilise tout type de peintures (gouache, acrylique, huile, aquarelle, encre&#8230;).<\/p>\n\n<div class=\"wp-block-columns alignfull are-vertically-aligned-center is-layout-flex wp-container-core-columns-is-layout-9d6595d7 wp-block-columns-is-layout-flex\">\n<div class=\"wp-block-column is-vertically-aligned-center is-layout-flow wp-block-column-is-layout-flow\" style=\"flex-basis: 66.66%; text-align: center;\">\n<figure class=\"wp-block-image size-large\"><img fetchpriority=\"high\" decoding=\"async\" data-recalc-dims=\"1\" height=\"679\" width=\"960\" class=\"wp-image-1394\" src=\"https:\/\/i0.wp.com\/gpart-creation.com\/wp-content\/uploads\/2021\/04\/petite-fille-retouche-1.jpg?resize=960%2C679&#038;ssl=1\" alt=\"\" \/><\/figure>\n<\/div>\n\n<div class=\"wp-block-column is-vertically-aligned-center is-layout-flow wp-block-column-is-layout-flow\" style=\"flex-basis: 33.33%;\">\n<figure class=\"wp-block-image size-large\"><img decoding=\"async\" data-recalc-dims=\"1\" height=\"1024\" width=\"790\" class=\"wp-image-1408\" src=\"https:\/\/i0.wp.com\/gpart-creation.com\/wp-content\/uploads\/2021\/04\/visage-retouche.jpg?resize=790%2C1024&#038;ssl=1\" alt=\"\" srcset=\"https:\/\/i0.wp.com\/gpart-creation.com\/wp-content\/uploads\/2021\/04\/visage-retouche.jpg?w=1399&amp;ssl=1 1399w, https:\/\/i0.wp.com\/gpart-creation.com\/wp-content\/uploads\/2021\/04\/visage-retouche.jpg?resize=231%2C300&amp;ssl=1 231w, https:\/\/i0.wp.com\/gpart-creation.com\/wp-content\/uploads\/2021\/04\/visage-retouche.jpg?resize=790%2C1024&amp;ssl=1 790w, https:\/\/i0.wp.com\/gpart-creation.com\/wp-content\/uploads\/2021\/04\/visage-retouche.jpg?resize=768%2C995&amp;ssl=1 768w, https:\/\/i0.wp.com\/gpart-creation.com\/wp-content\/uploads\/2021\/04\/visage-retouche.jpg?resize=1185%2C1536&amp;ssl=1 1185w, https:\/\/i0.wp.com\/gpart-creation.com\/wp-content\/uploads\/2021\/04\/visage-retouche.jpg?resize=1140%2C1477&amp;ssl=1 1140w, https:\/\/i0.wp.com\/gpart-creation.com\/wp-content\/uploads\/2021\/04\/visage-retouche.jpg?resize=600%2C778&amp;ssl=1 600w\" sizes=\"(max-width: 790px) 100vw, 790px\" \/><\/figure>\n<\/div>\n<\/div>\n\n<div class=\"wp-block-columns alignfull are-vertically-aligned-center is-layout-flex wp-container-core-columns-is-layout-9d6595d7 wp-block-columns-is-layout-flex\">\n<div class=\"wp-block-column is-vertically-aligned-center is-layout-flow wp-block-column-is-layout-flow\" style=\"flex-basis: 33.33%;\">\n<figure class=\"wp-block-image size-large\"><img decoding=\"async\" data-recalc-dims=\"1\" height=\"720\" width=\"960\" class=\"wp-image-899\" src=\"https:\/\/i0.wp.com\/gpart-creation.com\/wp-content\/uploads\/2021\/02\/IMG_20200113_214747.jpg?resize=960%2C720&#038;ssl=1\" alt=\"peinture oiseau acrylique\" \/><\/figure>\n<\/div>\n\n<div class=\"wp-block-column is-vertically-aligned-center is-layout-flow wp-block-column-is-layout-flow\" style=\"flex-basis: 66.66%;\">\n<figure class=\"wp-block-image size-large\"><img loading=\"lazy\" decoding=\"async\" data-recalc-dims=\"1\" height=\"606\" width=\"960\" class=\"wp-image-1418\" src=\"https:\/\/i0.wp.com\/gpart-creation.com\/wp-content\/uploads\/2021\/04\/84386553_2821808494529060_7510474104944721920_o.jpg?resize=960%2C606&#038;ssl=1\" alt=\"\" srcset=\"https:\/\/i0.wp.com\/gpart-creation.com\/wp-content\/uploads\/2021\/04\/84386553_2821808494529060_7510474104944721920_o.jpg?w=2048&amp;ssl=1 2048w, https:\/\/i0.wp.com\/gpart-creation.com\/wp-content\/uploads\/2021\/04\/84386553_2821808494529060_7510474104944721920_o.jpg?resize=300%2C189&amp;ssl=1 300w, https:\/\/i0.wp.com\/gpart-creation.com\/wp-content\/uploads\/2021\/04\/84386553_2821808494529060_7510474104944721920_o.jpg?resize=1024%2C646&amp;ssl=1 1024w, https:\/\/i0.wp.com\/gpart-creation.com\/wp-content\/uploads\/2021\/04\/84386553_2821808494529060_7510474104944721920_o.jpg?resize=768%2C485&amp;ssl=1 768w, https:\/\/i0.wp.com\/gpart-creation.com\/wp-content\/uploads\/2021\/04\/84386553_2821808494529060_7510474104944721920_o.jpg?resize=1536%2C969&amp;ssl=1 1536w, https:\/\/i0.wp.com\/gpart-creation.com\/wp-content\/uploads\/2021\/04\/84386553_2821808494529060_7510474104944721920_o.jpg?resize=1140%2C719&amp;ssl=1 1140w, https:\/\/i0.wp.com\/gpart-creation.com\/wp-content\/uploads\/2021\/04\/84386553_2821808494529060_7510474104944721920_o.jpg?resize=600%2C379&amp;ssl=1 600w, https:\/\/i0.wp.com\/gpart-creation.com\/wp-content\/uploads\/2021\/04\/84386553_2821808494529060_7510474104944721920_o.jpg?w=1920&amp;ssl=1 1920w\" sizes=\"(max-width: 960px) 100vw, 960px\" \/><\/figure>\n\n<p>\u00a0<\/p>\n<\/div>\n<\/div>\n\n<div class=\"wp-block-columns alignfull are-vertically-aligned-center is-layout-flex wp-container-core-columns-is-layout-9d6595d7 wp-block-columns-is-layout-flex\">\n<div class=\"wp-block-column is-vertically-aligned-center is-layout-flow wp-block-column-is-layout-flow\">\n<figure class=\"wp-block-image size-large\"><img loading=\"lazy\" decoding=\"async\" data-recalc-dims=\"1\" height=\"1024\" width=\"730\" class=\"wp-image-1415\" src=\"https:\/\/i0.wp.com\/gpart-creation.com\/wp-content\/uploads\/2021\/04\/nu-bleu-retouche.jpg?resize=730%2C1024&#038;ssl=1\" alt=\"\" \/><\/figure>\n<\/div>\n\n<div class=\"wp-block-column is-vertically-aligned-center is-layout-flow wp-block-column-is-layout-flow\">\n<figure class=\"wp-block-image size-large\"><img loading=\"lazy\" decoding=\"async\" data-recalc-dims=\"1\" height=\"1024\" width=\"664\" class=\"wp-image-1417\" src=\"https:\/\/i0.wp.com\/gpart-creation.com\/wp-content\/uploads\/2021\/04\/modele-vivant2-bis.jpg?resize=664%2C1024&#038;ssl=1\" alt=\"\" \/><\/figure>\n<\/div>\n\n<div class=\"wp-block-column is-layout-flow wp-block-column-is-layout-flow\">\n<figure class=\"wp-block-image size-large\"><img loading=\"lazy\" decoding=\"async\" data-recalc-dims=\"1\" height=\"1024\" width=\"722\" class=\"wp-image-1407\" src=\"https:\/\/i0.wp.com\/gpart-creation.com\/wp-content\/uploads\/2021\/04\/femme-ethnique2_001-2.jpg?resize=722%2C1024&#038;ssl=1\" alt=\"\" \/><\/figure>\n<\/div>\n<\/div>\n\n<div class=\"wp-block-columns alignfull is-layout-flex wp-container-core-columns-is-layout-9d6595d7 wp-block-columns-is-layout-flex\">\n<div class=\"wp-block-column is-layout-flow wp-block-column-is-layout-flow\">\n<figure class=\"wp-block-image size-large\"><img loading=\"lazy\" decoding=\"async\" data-recalc-dims=\"1\" height=\"1024\" width=\"768\" class=\"wp-image-1001\" src=\"https:\/\/i0.wp.com\/gpart-creation.com\/wp-content\/uploads\/2021\/02\/modele-vivant.jpg?resize=768%2C1024&#038;ssl=1\" alt=\"\" \/><\/figure>\n<\/div>\n\n<div class=\"wp-block-column is-layout-flow wp-block-column-is-layout-flow\">\n<figure class=\"wp-block-image size-large\"><img loading=\"lazy\" decoding=\"async\" data-recalc-dims=\"1\" height=\"1024\" width=\"768\" class=\"wp-image-1411\" src=\"https:\/\/i0.wp.com\/gpart-creation.com\/wp-content\/uploads\/2021\/04\/IMG_20200113_214327-retouche.jpg?resize=768%2C1024&#038;ssl=1\" alt=\"\" \/><\/figure>\n<\/div>\n\n<div class=\"wp-block-column is-layout-flow wp-block-column-is-layout-flow\">\n<figure class=\"wp-block-image size-large\"><img loading=\"lazy\" decoding=\"async\" data-recalc-dims=\"1\" height=\"1024\" width=\"768\" class=\"wp-image-1414\" src=\"https:\/\/i0.wp.com\/gpart-creation.com\/wp-content\/uploads\/2021\/04\/IMG_20200113_214456-nettoye.jpg?resize=768%2C1024&#038;ssl=1\" alt=\"\" \/><\/figure>\n<\/div>\n<\/div>\n\n<div class=\"wp-block-jetpack-tiled-gallery alignwide is-style-rectangular\">\n<div class=\"tiled-gallery__gallery\">\n<div class=\"tiled-gallery__row\">\n<div class=\"tiled-gallery__col\" style=\"flex-basis: 29.310129759159064%;\">\n<figure class=\"tiled-gallery__item\"><img decoding=\"async\" srcset=\"https:\/\/i1.wp.com\/gpart-creation.com\/wp-content\/uploads\/2021\/04\/76762638_2643914715651773_22363284824915968_o-detoure.jpg?strip=info&#038;w=600&#038;ssl=1 600w,https:\/\/i1.wp.com\/gpart-creation.com\/wp-content\/uploads\/2021\/04\/76762638_2643914715651773_22363284824915968_o-detoure.jpg?strip=info&#038;w=706&#038;ssl=1 706w\" src=\"https:\/\/i1.wp.com\/gpart-creation.com\/wp-content\/uploads\/2021\/04\/76762638_2643914715651773_22363284824915968_o-detoure.jpg?ssl=1\" alt=\"\" data-height=\"960\" data-id=\"1409\" data-link=\"https:\/\/gpart-creation.com\/index.php\/peinture-toiles-paysage-personnage-interpretation-couleur-valeurs-suggestion\/76762638_2643914715651773_22363284824915968_o-detoure\/\" data-url=\"https:\/\/gpart-creation.com\/wp-content\/uploads\/2021\/04\/76762638_2643914715651773_22363284824915968_o-detoure.jpg\" data-width=\"706\" \/><\/figure>\n<\/div>\n<div class=\"tiled-gallery__col\" style=\"flex-basis: 70.68987024084092%;\">\n<figure class=\"tiled-gallery__item\"><img decoding=\"async\" srcset=\"https:\/\/i1.wp.com\/gpart-creation.com\/wp-content\/uploads\/2021\/04\/huitre-detouree.jpg?strip=info&#038;w=600&#038;ssl=1 600w,https:\/\/i1.wp.com\/gpart-creation.com\/wp-content\/uploads\/2021\/04\/huitre-detouree.jpg?strip=info&#038;w=900&#038;ssl=1 900w,https:\/\/i1.wp.com\/gpart-creation.com\/wp-content\/uploads\/2021\/04\/huitre-detouree.jpg?strip=info&#038;w=960&#038;ssl=1 960w\" src=\"https:\/\/i1.wp.com\/gpart-creation.com\/wp-content\/uploads\/2021\/04\/huitre-detouree.jpg?ssl=1\" alt=\"\" data-height=\"540\" data-id=\"1410\" data-link=\"https:\/\/gpart-creation.com\/index.php\/peinture-toiles-paysage-personnage-interpretation-couleur-valeurs-suggestion\/huitre-detouree\/\" data-url=\"https:\/\/gpart-creation.com\/wp-content\/uploads\/2021\/04\/huitre-detouree.jpg\" data-width=\"960\" \/><\/figure>\n<\/div>\n<\/div>\n<\/div>\n<\/div>\n\t\t\t\t\t\t\t\t<\/div>\n\t\t\t\t<\/div>\n\t\t\t\t\t<\/div>\n\t\t<\/div>\n\t\t\t\t\t<\/div>\n\t\t<\/section>\n\t\t\t\t<\/div>\n\t\t","protected":false},"excerpt":{"rendered":"<p>Quelques toiles et peintures sur Canson. Divers th\u00e8mes abord\u00e9s (personnage, paysage, animaux, objet&#8230;). Avec un travail sur de la lumi\u00e8re, les volumes, la suggestion, ou encore les couleurs. J&rsquo;utilise tout type de peintures (gouache, acrylique, huile, aquarelle, encre&#8230;). &nbsp;<\/p>\n","protected":false},"author":1,"featured_media":0,"parent":0,"menu_order":0,"comment_status":"closed","ping_status":"closed","template":"","meta":{"footnotes":""},"class_list":["post-1253","page","type-page","status-publish","hentry"],"yoast_head":"<!-- This site is optimized with the Yoast SEO plugin v27.4 - https:\/\/yoast.com\/product\/yoast-seo-wordpress\/ -->\n<title>Peintures - Toiles - Paysage - Personnage - interpr\u00e9tation - couleurs -<\/title>\n<meta name=\"description\" content=\"Toiles et Peintures sur Canson de Paysage, de Personnage... interpr\u00e9tation des couleurs, volumes et contrastes avec tout type de peintures\" \/>\n<meta name=\"robots\" content=\"index, follow, max-snippet:-1, max-image-preview:large, max-video-preview:-1\" \/>\n<link rel=\"canonical\" href=\"https:\/\/gpart-creation.com\/index.php\/peinture-toiles-paysage-personnage-interpretation-couleur-valeurs-suggestion\/\" \/>\n<meta property=\"og:locale\" content=\"fr_FR\" \/>\n<meta property=\"og:type\" content=\"article\" \/>\n<meta property=\"og:title\" content=\"Peintures - Toiles - Paysage - Personnage - interpr\u00e9tation - couleurs -\" \/>\n<meta property=\"og:description\" content=\"Toiles et Peintures sur Canson de Paysage, de Personnage... interpr\u00e9tation des couleurs, volumes et contrastes avec tout type de peintures\" \/>\n<meta property=\"og:url\" content=\"https:\/\/gpart-creation.com\/index.php\/peinture-toiles-paysage-personnage-interpretation-couleur-valeurs-suggestion\/\" \/>\n<meta property=\"og:site_name\" content=\"gpart-creation\" \/>\n<meta property=\"article:modified_time\" content=\"2021-05-19T20:22:54+00:00\" \/>\n<meta property=\"og:image\" content=\"https:\/\/gpart-creation.com\/wp-content\/uploads\/2021\/04\/petite-fille-retouche-1-1024x724.jpg\" \/>\n<meta name=\"twitter:card\" content=\"summary_large_image\" \/>\n<meta name=\"twitter:label1\" content=\"Dur\u00e9e de lecture estim\u00e9e\" \/>\n\t<meta name=\"twitter:data1\" content=\"3 minutes\" \/>\n<script type=\"application\/ld+json\" class=\"yoast-schema-graph\">{\"@context\":\"https:\\\/\\\/schema.org\",\"@graph\":[{\"@type\":\"WebPage\",\"@id\":\"https:\\\/\\\/gpart-creation.com\\\/index.php\\\/peinture-toiles-paysage-personnage-interpretation-couleur-valeurs-suggestion\\\/\",\"url\":\"https:\\\/\\\/gpart-creation.com\\\/index.php\\\/peinture-toiles-paysage-personnage-interpretation-couleur-valeurs-suggestion\\\/\",\"name\":\"Peintures - Toiles - Paysage - Personnage - interpr\u00e9tation - couleurs -\",\"isPartOf\":{\"@id\":\"https:\\\/\\\/gpart-creation.com\\\/#website\"},\"primaryImageOfPage\":{\"@id\":\"https:\\\/\\\/gpart-creation.com\\\/index.php\\\/peinture-toiles-paysage-personnage-interpretation-couleur-valeurs-suggestion\\\/#primaryimage\"},\"image\":{\"@id\":\"https:\\\/\\\/gpart-creation.com\\\/index.php\\\/peinture-toiles-paysage-personnage-interpretation-couleur-valeurs-suggestion\\\/#primaryimage\"},\"thumbnailUrl\":\"https:\\\/\\\/gpart-creation.com\\\/wp-content\\\/uploads\\\/2021\\\/04\\\/petite-fille-retouche-1-1024x724.jpg\",\"datePublished\":\"2021-03-04T15:03:46+00:00\",\"dateModified\":\"2021-05-19T20:22:54+00:00\",\"description\":\"Toiles et Peintures sur Canson de Paysage, de Personnage... interpr\u00e9tation des couleurs, volumes et contrastes avec tout type de peintures\",\"breadcrumb\":{\"@id\":\"https:\\\/\\\/gpart-creation.com\\\/index.php\\\/peinture-toiles-paysage-personnage-interpretation-couleur-valeurs-suggestion\\\/#breadcrumb\"},\"inLanguage\":\"fr-FR\",\"potentialAction\":[{\"@type\":\"ReadAction\",\"target\":[\"https:\\\/\\\/gpart-creation.com\\\/index.php\\\/peinture-toiles-paysage-personnage-interpretation-couleur-valeurs-suggestion\\\/\"]}]},{\"@type\":\"ImageObject\",\"inLanguage\":\"fr-FR\",\"@id\":\"https:\\\/\\\/gpart-creation.com\\\/index.php\\\/peinture-toiles-paysage-personnage-interpretation-couleur-valeurs-suggestion\\\/#primaryimage\",\"url\":\"https:\\\/\\\/i0.wp.com\\\/gpart-creation.com\\\/wp-content\\\/uploads\\\/2021\\\/04\\\/petite-fille-retouche-1-scaled.jpg?fit=2560%2C1810&ssl=1\",\"contentUrl\":\"https:\\\/\\\/i0.wp.com\\\/gpart-creation.com\\\/wp-content\\\/uploads\\\/2021\\\/04\\\/petite-fille-retouche-1-scaled.jpg?fit=2560%2C1810&ssl=1\",\"width\":2560,\"height\":1810,\"caption\":\"peinture portrait encre, brou de noix et aquarelle\"},{\"@type\":\"BreadcrumbList\",\"@id\":\"https:\\\/\\\/gpart-creation.com\\\/index.php\\\/peinture-toiles-paysage-personnage-interpretation-couleur-valeurs-suggestion\\\/#breadcrumb\",\"itemListElement\":[{\"@type\":\"ListItem\",\"position\":1,\"name\":\"Accueil\",\"item\":\"https:\\\/\\\/gpart-creation.com\\\/\"},{\"@type\":\"ListItem\",\"position\":2,\"name\":\"Peinture\"}]},{\"@type\":\"WebSite\",\"@id\":\"https:\\\/\\\/gpart-creation.com\\\/#website\",\"url\":\"https:\\\/\\\/gpart-creation.com\\\/\",\"name\":\"gpart-creation\",\"description\":\"mon univers d&#039;artiste\",\"potentialAction\":[{\"@type\":\"SearchAction\",\"target\":{\"@type\":\"EntryPoint\",\"urlTemplate\":\"https:\\\/\\\/gpart-creation.com\\\/?s={search_term_string}\"},\"query-input\":{\"@type\":\"PropertyValueSpecification\",\"valueRequired\":true,\"valueName\":\"search_term_string\"}}],\"inLanguage\":\"fr-FR\"}]}<\/script>\n<!-- \/ Yoast SEO plugin. -->","yoast_head_json":{"title":"Peintures - Toiles - Paysage - Personnage - interpr\u00e9tation - couleurs -","description":"Toiles et Peintures sur Canson de Paysage, de Personnage... interpr\u00e9tation des couleurs, volumes et contrastes avec tout type de peintures","robots":{"index":"index","follow":"follow","max-snippet":"max-snippet:-1","max-image-preview":"max-image-preview:large","max-video-preview":"max-video-preview:-1"},"canonical":"https:\/\/gpart-creation.com\/index.php\/peinture-toiles-paysage-personnage-interpretation-couleur-valeurs-suggestion\/","og_locale":"fr_FR","og_type":"article","og_title":"Peintures - Toiles - Paysage - Personnage - interpr\u00e9tation - couleurs -","og_description":"Toiles et Peintures sur Canson de Paysage, de Personnage... interpr\u00e9tation des couleurs, volumes et contrastes avec tout type de peintures","og_url":"https:\/\/gpart-creation.com\/index.php\/peinture-toiles-paysage-personnage-interpretation-couleur-valeurs-suggestion\/","og_site_name":"gpart-creation","article_modified_time":"2021-05-19T20:22:54+00:00","og_image":[{"url":"https:\/\/gpart-creation.com\/wp-content\/uploads\/2021\/04\/petite-fille-retouche-1-1024x724.jpg","type":"","width":"","height":""}],"twitter_card":"summary_large_image","twitter_misc":{"Dur\u00e9e de lecture estim\u00e9e":"3 minutes"},"schema":{"@context":"https:\/\/schema.org","@graph":[{"@type":"WebPage","@id":"https:\/\/gpart-creation.com\/index.php\/peinture-toiles-paysage-personnage-interpretation-couleur-valeurs-suggestion\/","url":"https:\/\/gpart-creation.com\/index.php\/peinture-toiles-paysage-personnage-interpretation-couleur-valeurs-suggestion\/","name":"Peintures - Toiles - Paysage - Personnage - interpr\u00e9tation - couleurs -","isPartOf":{"@id":"https:\/\/gpart-creation.com\/#website"},"primaryImageOfPage":{"@id":"https:\/\/gpart-creation.com\/index.php\/peinture-toiles-paysage-personnage-interpretation-couleur-valeurs-suggestion\/#primaryimage"},"image":{"@id":"https:\/\/gpart-creation.com\/index.php\/peinture-toiles-paysage-personnage-interpretation-couleur-valeurs-suggestion\/#primaryimage"},"thumbnailUrl":"https:\/\/gpart-creation.com\/wp-content\/uploads\/2021\/04\/petite-fille-retouche-1-1024x724.jpg","datePublished":"2021-03-04T15:03:46+00:00","dateModified":"2021-05-19T20:22:54+00:00","description":"Toiles et Peintures sur Canson de Paysage, de Personnage... interpr\u00e9tation des couleurs, volumes et contrastes avec tout type de peintures","breadcrumb":{"@id":"https:\/\/gpart-creation.com\/index.php\/peinture-toiles-paysage-personnage-interpretation-couleur-valeurs-suggestion\/#breadcrumb"},"inLanguage":"fr-FR","potentialAction":[{"@type":"ReadAction","target":["https:\/\/gpart-creation.com\/index.php\/peinture-toiles-paysage-personnage-interpretation-couleur-valeurs-suggestion\/"]}]},{"@type":"ImageObject","inLanguage":"fr-FR","@id":"https:\/\/gpart-creation.com\/index.php\/peinture-toiles-paysage-personnage-interpretation-couleur-valeurs-suggestion\/#primaryimage","url":"https:\/\/i0.wp.com\/gpart-creation.com\/wp-content\/uploads\/2021\/04\/petite-fille-retouche-1-scaled.jpg?fit=2560%2C1810&ssl=1","contentUrl":"https:\/\/i0.wp.com\/gpart-creation.com\/wp-content\/uploads\/2021\/04\/petite-fille-retouche-1-scaled.jpg?fit=2560%2C1810&ssl=1","width":2560,"height":1810,"caption":"peinture portrait encre, brou de noix et aquarelle"},{"@type":"BreadcrumbList","@id":"https:\/\/gpart-creation.com\/index.php\/peinture-toiles-paysage-personnage-interpretation-couleur-valeurs-suggestion\/#breadcrumb","itemListElement":[{"@type":"ListItem","position":1,"name":"Accueil","item":"https:\/\/gpart-creation.com\/"},{"@type":"ListItem","position":2,"name":"Peinture"}]},{"@type":"WebSite","@id":"https:\/\/gpart-creation.com\/#website","url":"https:\/\/gpart-creation.com\/","name":"gpart-creation","description":"mon univers d&#039;artiste","potentialAction":[{"@type":"SearchAction","target":{"@type":"EntryPoint","urlTemplate":"https:\/\/gpart-creation.com\/?s={search_term_string}"},"query-input":{"@type":"PropertyValueSpecification","valueRequired":true,"valueName":"search_term_string"}}],"inLanguage":"fr-FR"}]}},"acf":[],"jetpack_sharing_enabled":true,"_links":{"self":[{"href":"https:\/\/gpart-creation.com\/index.php\/wp-json\/wp\/v2\/pages\/1253","targetHints":{"allow":["GET"]}}],"collection":[{"href":"https:\/\/gpart-creation.com\/index.php\/wp-json\/wp\/v2\/pages"}],"about":[{"href":"https:\/\/gpart-creation.com\/index.php\/wp-json\/wp\/v2\/types\/page"}],"author":[{"embeddable":true,"href":"https:\/\/gpart-creation.com\/index.php\/wp-json\/wp\/v2\/users\/1"}],"replies":[{"embeddable":true,"href":"https:\/\/gpart-creation.com\/index.php\/wp-json\/wp\/v2\/comments?post=1253"}],"version-history":[{"count":24,"href":"https:\/\/gpart-creation.com\/index.php\/wp-json\/wp\/v2\/pages\/1253\/revisions"}],"predecessor-version":[{"id":1586,"href":"https:\/\/gpart-creation.com\/index.php\/wp-json\/wp\/v2\/pages\/1253\/revisions\/1586"}],"wp:attachment":[{"href":"https:\/\/gpart-creation.com\/index.php\/wp-json\/wp\/v2\/media?parent=1253"}],"curies":[{"name":"wp","href":"https:\/\/api.w.org\/{rel}","templated":true}]}}