{"id":599,"date":"2017-08-02T12:31:55","date_gmt":"2017-08-02T12:31:55","guid":{"rendered":"http:\/\/wp-royal.com\/themes\/ashe-free\/?page_id=16"},"modified":"2022-06-27T09:22:53","modified_gmt":"2022-06-27T07:22:53","slug":"artiste-gaelle-poupon-contactez-moi","status":"publish","type":"page","link":"https:\/\/gpart-creation.com\/index.php\/artiste-gaelle-poupon-contactez-moi\/","title":{"rendered":"Contact"},"content":{"rendered":"\t\t<div data-elementor-type=\"wp-page\" data-elementor-id=\"599\" class=\"elementor elementor-599\">\n\t\t\t\t\t\t<section class=\"elementor-section elementor-top-section elementor-element elementor-element-47252db3 elementor-section-boxed elementor-section-height-default elementor-section-height-default\" data-id=\"47252db3\" data-element_type=\"section\" data-e-type=\"section\">\n\t\t\t\t\t\t<div class=\"elementor-container elementor-column-gap-default\">\n\t\t\t\t\t<div class=\"elementor-column elementor-col-100 elementor-top-column elementor-element elementor-element-66711035\" data-id=\"66711035\" data-element_type=\"column\" data-e-type=\"column\">\n\t\t\t<div class=\"elementor-widget-wrap elementor-element-populated\">\n\t\t\t\t\t\t<div class=\"elementor-element elementor-element-76bd40e0 elementor-widget elementor-widget-text-editor\" data-id=\"76bd40e0\" data-element_type=\"widget\" data-e-type=\"widget\" data-widget_type=\"text-editor.default\">\n\t\t\t\t<div class=\"elementor-widget-container\">\n\t\t\t\t\t\t\t\t\t<h2 style=\"text-align: center;\"><a href=\"https:\/\/gpart-creation.com\/index.php\/home\/\">Ga\u00eblle POUPON<\/a><\/h2>\n<h2 style=\"text-align: center;\">Artiste dans l&rsquo;Ain, proche de Bourg-en-Bresse.<\/h2>\n<p style=\"text-align: center;\">\u00a0<\/p>\n<p style=\"text-align: center;\">Je vous propose mes cr\u00e9ations, mais \u00e9galement mes services pour l&rsquo;animation d&rsquo;ateliers, de s\u00e9minaires ou encore de cours particulier ou collectif pour toutes occasions.<\/p>\n<p style=\"text-align: center;\">Je suis \u00e0 l&rsquo;\u00e9coute pour tout projet ou collaboration avec d&rsquo;autres artistes ou professionnels, j&rsquo;\u00e9tudie toutes demandes.<\/p>\n<p style=\"text-align: center;\">N&rsquo;h\u00e9sitez pas \u00e0 me contacter, c&rsquo;est avec plaisir que je prendrai le temps de vous r\u00e9pondre.<\/p>\n<p style=\"text-align: center;\">\u00a0<\/p>\n<p style=\"text-align: center;\">\u00a0<\/p>\n<p><\/p>\n<div class=\"wp-block-group\"><div class=\"wp-block-group__inner-container\">\n<div class=\"wp-block-group__inner-container is-layout-flow wp-block-group-is-layout-flow\">\n<p class=\"is-layout-flex wp-container-core-columns-is-layout-9d6595d7 wp-block-columns-is-layout-flex\">\u00a0<\/p>\n<p><strong style=\"letter-spacing: 0px;\">Un projet? une question? un commentaire?<\/strong><\/p>\n<p><\/p>\n<p><\/p>\n<p>contactez-moi par<\/p>\n<p><\/p>\n<p><\/p>\n<p><a href=\"mailto:ga.L.art@hotmail.com\" target=\"_blank\" rel=\"noreferrer noopener\">Email : ga.L.art@hotmail.com<\/a><\/p>\n<p><\/p>\n<p><\/p>\n<p>\u00a0<\/p>\n<p>ou suivez-moi sur\u00a0<\/p>\n<p><\/p>\n<p><\/p>\n<p><a href=\"https:\/\/www.instagram.com\/ga.l.art\/\" target=\"_blank\" rel=\"noopener\">Instagram : @ga.L.art<\/a><\/p>\n<p><a href=\"https:\/\/www.etsy.com\/fr\/shop\/gpartCreation\" target=\"_blank\" rel=\"noopener\">Etsy : gpartcreation<\/a><\/p>\n<p><\/p>\n<\/div>\n<\/div><\/div>\n<p><\/p>\t\t\t\t\t\t\t\t<\/div>\n\t\t\t\t<\/div>\n\t\t\t\t\t<\/div>\n\t\t<\/div>\n\t\t\t\t\t<\/div>\n\t\t<\/section>\n\t\t\t\t<\/div>\n\t\t","protected":false},"excerpt":{"rendered":"<p>Ga\u00eblle POUPON Artiste dans l&rsquo;Ain, proche de Bourg-en-Bresse. \u00a0 Je vous propose mes cr\u00e9ations, mais \u00e9galement mes services pour l&rsquo;animation d&rsquo;ateliers, de s\u00e9minaires ou encore de cours particulier ou collectif pour toutes occasions. Je suis \u00e0 l&rsquo;\u00e9coute pour tout projet ou collaboration avec d&rsquo;autres artistes ou professionnels, j&rsquo;\u00e9tudie toutes demandes. N&rsquo;h\u00e9sitez pas \u00e0 me contacter, c&rsquo;est avec plaisir que je prendrai le temps de vous r\u00e9pondre. \u00a0 \u00a0 \u00a0 Un projet? une question? un commentaire? contactez-moi par Email : ga.L.art@hotmail.com \u00a0 ou suivez-moi sur\u00a0 Instagram : @ga.L.art Etsy : gpartcreation<\/p>\n","protected":false},"author":1,"featured_media":0,"parent":0,"menu_order":0,"comment_status":"closed","ping_status":"closed","template":"","meta":{"footnotes":""},"class_list":["post-599","page","type-page","status-publish","hentry"],"yoast_head":"<!-- This site is optimized with the Yoast SEO plugin v27.4 - https:\/\/yoast.com\/product\/yoast-seo-wordpress\/ -->\n<title>Ga\u00eblle POUPON artiste dans l&#039;Ain proche Bourg-en-Bresse - Contact<\/title>\n<meta name=\"description\" content=\"Ga\u00eblle POUPON artiste dans l&#039;Ain, proche Bourg-en-Bresse. Je vous propose mes cr\u00e9ations mais j&#039;anime aussi des ateliers, stages ou s\u00e9minaires\" \/>\n<meta name=\"robots\" content=\"index, follow, max-snippet:-1, max-image-preview:large, max-video-preview:-1\" \/>\n<link rel=\"canonical\" href=\"https:\/\/gpart-creation.com\/index.php\/artiste-gaelle-poupon-contactez-moi\/\" \/>\n<meta property=\"og:locale\" content=\"fr_FR\" \/>\n<meta property=\"og:type\" content=\"article\" \/>\n<meta property=\"og:title\" content=\"Ga\u00eblle POUPON artiste dans l&#039;Ain proche Bourg-en-Bresse - Contact\" \/>\n<meta property=\"og:description\" content=\"Ga\u00eblle POUPON artiste dans l&#039;Ain, proche Bourg-en-Bresse. Je vous propose mes cr\u00e9ations mais j&#039;anime aussi des ateliers, stages ou s\u00e9minaires\" \/>\n<meta property=\"og:url\" content=\"https:\/\/gpart-creation.com\/index.php\/artiste-gaelle-poupon-contactez-moi\/\" \/>\n<meta property=\"og:site_name\" content=\"gpart-creation\" \/>\n<meta property=\"article:modified_time\" content=\"2022-06-27T07:22:53+00:00\" \/>\n<meta name=\"twitter:card\" content=\"summary_large_image\" \/>\n<meta name=\"twitter:label1\" content=\"Dur\u00e9e de lecture estim\u00e9e\" \/>\n\t<meta name=\"twitter:data1\" content=\"1 minute\" \/>\n<script type=\"application\/ld+json\" class=\"yoast-schema-graph\">{\"@context\":\"https:\\\/\\\/schema.org\",\"@graph\":[{\"@type\":[\"WebPage\",\"ContactPage\"],\"@id\":\"https:\\\/\\\/gpart-creation.com\\\/index.php\\\/artiste-gaelle-poupon-contactez-moi\\\/\",\"url\":\"https:\\\/\\\/gpart-creation.com\\\/index.php\\\/artiste-gaelle-poupon-contactez-moi\\\/\",\"name\":\"Ga\u00eblle POUPON artiste dans l'Ain proche Bourg-en-Bresse - Contact\",\"isPartOf\":{\"@id\":\"https:\\\/\\\/gpart-creation.com\\\/#website\"},\"datePublished\":\"2017-08-02T12:31:55+00:00\",\"dateModified\":\"2022-06-27T07:22:53+00:00\",\"description\":\"Ga\u00eblle POUPON artiste dans l'Ain, proche Bourg-en-Bresse. Je vous propose mes cr\u00e9ations mais j'anime aussi des ateliers, stages ou s\u00e9minaires\",\"breadcrumb\":{\"@id\":\"https:\\\/\\\/gpart-creation.com\\\/index.php\\\/artiste-gaelle-poupon-contactez-moi\\\/#breadcrumb\"},\"inLanguage\":\"fr-FR\",\"potentialAction\":[{\"@type\":\"ReadAction\",\"target\":[\"https:\\\/\\\/gpart-creation.com\\\/index.php\\\/artiste-gaelle-poupon-contactez-moi\\\/\"]}]},{\"@type\":\"BreadcrumbList\",\"@id\":\"https:\\\/\\\/gpart-creation.com\\\/index.php\\\/artiste-gaelle-poupon-contactez-moi\\\/#breadcrumb\",\"itemListElement\":[{\"@type\":\"ListItem\",\"position\":1,\"name\":\"Accueil\",\"item\":\"https:\\\/\\\/gpart-creation.com\\\/\"},{\"@type\":\"ListItem\",\"position\":2,\"name\":\"Contact\"}]},{\"@type\":\"WebSite\",\"@id\":\"https:\\\/\\\/gpart-creation.com\\\/#website\",\"url\":\"https:\\\/\\\/gpart-creation.com\\\/\",\"name\":\"gpart-creation\",\"description\":\"mon univers d&#039;artiste\",\"potentialAction\":[{\"@type\":\"SearchAction\",\"target\":{\"@type\":\"EntryPoint\",\"urlTemplate\":\"https:\\\/\\\/gpart-creation.com\\\/?s={search_term_string}\"},\"query-input\":{\"@type\":\"PropertyValueSpecification\",\"valueRequired\":true,\"valueName\":\"search_term_string\"}}],\"inLanguage\":\"fr-FR\"}]}<\/script>\n<!-- \/ Yoast SEO plugin. -->","yoast_head_json":{"title":"Ga\u00eblle POUPON artiste dans l'Ain proche Bourg-en-Bresse - Contact","description":"Ga\u00eblle POUPON artiste dans l'Ain, proche Bourg-en-Bresse. Je vous propose mes cr\u00e9ations mais j'anime aussi des ateliers, stages ou s\u00e9minaires","robots":{"index":"index","follow":"follow","max-snippet":"max-snippet:-1","max-image-preview":"max-image-preview:large","max-video-preview":"max-video-preview:-1"},"canonical":"https:\/\/gpart-creation.com\/index.php\/artiste-gaelle-poupon-contactez-moi\/","og_locale":"fr_FR","og_type":"article","og_title":"Ga\u00eblle POUPON artiste dans l'Ain proche Bourg-en-Bresse - Contact","og_description":"Ga\u00eblle POUPON artiste dans l'Ain, proche Bourg-en-Bresse. Je vous propose mes cr\u00e9ations mais j'anime aussi des ateliers, stages ou s\u00e9minaires","og_url":"https:\/\/gpart-creation.com\/index.php\/artiste-gaelle-poupon-contactez-moi\/","og_site_name":"gpart-creation","article_modified_time":"2022-06-27T07:22:53+00:00","twitter_card":"summary_large_image","twitter_misc":{"Dur\u00e9e de lecture estim\u00e9e":"1 minute"},"schema":{"@context":"https:\/\/schema.org","@graph":[{"@type":["WebPage","ContactPage"],"@id":"https:\/\/gpart-creation.com\/index.php\/artiste-gaelle-poupon-contactez-moi\/","url":"https:\/\/gpart-creation.com\/index.php\/artiste-gaelle-poupon-contactez-moi\/","name":"Ga\u00eblle POUPON artiste dans l'Ain proche Bourg-en-Bresse - Contact","isPartOf":{"@id":"https:\/\/gpart-creation.com\/#website"},"datePublished":"2017-08-02T12:31:55+00:00","dateModified":"2022-06-27T07:22:53+00:00","description":"Ga\u00eblle POUPON artiste dans l'Ain, proche Bourg-en-Bresse. Je vous propose mes cr\u00e9ations mais j'anime aussi des ateliers, stages ou s\u00e9minaires","breadcrumb":{"@id":"https:\/\/gpart-creation.com\/index.php\/artiste-gaelle-poupon-contactez-moi\/#breadcrumb"},"inLanguage":"fr-FR","potentialAction":[{"@type":"ReadAction","target":["https:\/\/gpart-creation.com\/index.php\/artiste-gaelle-poupon-contactez-moi\/"]}]},{"@type":"BreadcrumbList","@id":"https:\/\/gpart-creation.com\/index.php\/artiste-gaelle-poupon-contactez-moi\/#breadcrumb","itemListElement":[{"@type":"ListItem","position":1,"name":"Accueil","item":"https:\/\/gpart-creation.com\/"},{"@type":"ListItem","position":2,"name":"Contact"}]},{"@type":"WebSite","@id":"https:\/\/gpart-creation.com\/#website","url":"https:\/\/gpart-creation.com\/","name":"gpart-creation","description":"mon univers d&#039;artiste","potentialAction":[{"@type":"SearchAction","target":{"@type":"EntryPoint","urlTemplate":"https:\/\/gpart-creation.com\/?s={search_term_string}"},"query-input":{"@type":"PropertyValueSpecification","valueRequired":true,"valueName":"search_term_string"}}],"inLanguage":"fr-FR"}]}},"acf":[],"jetpack_sharing_enabled":true,"_links":{"self":[{"href":"https:\/\/gpart-creation.com\/index.php\/wp-json\/wp\/v2\/pages\/599","targetHints":{"allow":["GET"]}}],"collection":[{"href":"https:\/\/gpart-creation.com\/index.php\/wp-json\/wp\/v2\/pages"}],"about":[{"href":"https:\/\/gpart-creation.com\/index.php\/wp-json\/wp\/v2\/types\/page"}],"author":[{"embeddable":true,"href":"https:\/\/gpart-creation.com\/index.php\/wp-json\/wp\/v2\/users\/1"}],"replies":[{"embeddable":true,"href":"https:\/\/gpart-creation.com\/index.php\/wp-json\/wp\/v2\/comments?post=599"}],"version-history":[{"count":84,"href":"https:\/\/gpart-creation.com\/index.php\/wp-json\/wp\/v2\/pages\/599\/revisions"}],"predecessor-version":[{"id":1593,"href":"https:\/\/gpart-creation.com\/index.php\/wp-json\/wp\/v2\/pages\/599\/revisions\/1593"}],"wp:attachment":[{"href":"https:\/\/gpart-creation.com\/index.php\/wp-json\/wp\/v2\/media?parent=599"}],"curies":[{"name":"wp","href":"https:\/\/api.w.org\/{rel}","templated":true}]}}