{"id":652,"date":"2021-01-04T22:43:51","date_gmt":"2021-01-04T21:43:51","guid":{"rendered":"http:\/\/gpart-creation.com\/?page_id=652"},"modified":"2021-05-15T00:04:10","modified_gmt":"2021-05-14T22:04:10","slug":"bienvenue-gaelle-artiste-creative","status":"publish","type":"page","link":"https:\/\/gpart-creation.com\/","title":{"rendered":"BIENVENUE"},"content":{"rendered":"\t\t<div data-elementor-type=\"wp-page\" data-elementor-id=\"652\" class=\"elementor elementor-652\">\n\t\t\t\t\t\t<section class=\"elementor-section elementor-top-section elementor-element elementor-element-da9ee03 elementor-section-boxed elementor-section-height-default elementor-section-height-default\" data-id=\"da9ee03\" data-element_type=\"section\" data-e-type=\"section\">\n\t\t\t\t\t\t<div class=\"elementor-container elementor-column-gap-default\">\n\t\t\t\t\t<div class=\"elementor-column elementor-col-66 elementor-top-column elementor-element elementor-element-dbc1dbf\" data-id=\"dbc1dbf\" data-element_type=\"column\" data-e-type=\"column\">\n\t\t\t<div class=\"elementor-widget-wrap elementor-element-populated\">\n\t\t\t\t\t\t<div class=\"elementor-element elementor-element-3ed98a4 elementor-widget elementor-widget-text-editor\" data-id=\"3ed98a4\" data-element_type=\"widget\" data-e-type=\"widget\" data-widget_type=\"text-editor.default\">\n\t\t\t\t<div class=\"elementor-widget-container\">\n\t\t\t\t\t\t\t\t\t<p style=\"text-align: left;\"><span style=\"letter-spacing: 0px;\">Moi, c&rsquo;est Ga\u00eblle, artiste\u00a0<b>\u00ab\u00a0<\/b><\/span><strong style=\"letter-spacing: 0px;\">cr\u00e9ative &amp; passionn\u00e9e\u00a0\u00bb<\/strong><\/p><p style=\"text-align: left;\">Je suis ce que l&rsquo;on peut appeler une touche \u00e0 tout.<br \/>J&rsquo;aime cr\u00e9er sous toutes ses formes, de la sculpture \u00e0 la peinture en passant par l&rsquo;illustration ou le dessin.<\/p><p>Passionn\u00e9e par la texture, la couleur et les volumes, j&rsquo;aime interpr\u00e9ter le mouvement, l&rsquo;expression, la sensation d\u00e9gag\u00e9 par le personnage, l&rsquo;image ou le paysage&#8230;<\/p><p style=\"text-align: left;\">Vous trouverez sur cette page mon univers et mes cr\u00e9ations.<\/p><p style=\"text-align: left;\">J&rsquo;esp\u00e8re que vous appr\u00e9cierez&#8230;<\/p><p style=\"text-align: left;\">Bonne visite.<\/p>\t\t\t\t\t\t\t\t<\/div>\n\t\t\t\t<\/div>\n\t\t\t\t\t<\/div>\n\t\t<\/div>\n\t\t\t\t<div class=\"elementor-column elementor-col-33 elementor-top-column elementor-element elementor-element-425c668\" data-id=\"425c668\" data-element_type=\"column\" data-e-type=\"column\">\n\t\t\t<div class=\"elementor-widget-wrap elementor-element-populated\">\n\t\t\t\t\t\t<div class=\"elementor-element elementor-element-6dbd3be elementor-widget elementor-widget-image\" data-id=\"6dbd3be\" data-element_type=\"widget\" data-e-type=\"widget\" data-widget_type=\"image.default\">\n\t\t\t\t<div class=\"elementor-widget-container\">\n\t\t\t\t\t\t\t\t\t\t\t\t\t\t\t<img fetchpriority=\"high\" decoding=\"async\" width=\"1770\" height=\"2181\" src=\"https:\/\/i0.wp.com\/gpart-creation.com\/wp-content\/uploads\/2021\/05\/auto-portrait-2-couleur-turquoise.jpg?fit=1770%2C2181&amp;ssl=1\" class=\"attachment-full size-full wp-image-1492\" alt=\"portrait num\u00e9rique gpart\" srcset=\"https:\/\/i0.wp.com\/gpart-creation.com\/wp-content\/uploads\/2021\/05\/auto-portrait-2-couleur-turquoise.jpg?w=1770&amp;ssl=1 1770w, https:\/\/i0.wp.com\/gpart-creation.com\/wp-content\/uploads\/2021\/05\/auto-portrait-2-couleur-turquoise.jpg?resize=243%2C300&amp;ssl=1 243w, https:\/\/i0.wp.com\/gpart-creation.com\/wp-content\/uploads\/2021\/05\/auto-portrait-2-couleur-turquoise.jpg?resize=831%2C1024&amp;ssl=1 831w, https:\/\/i0.wp.com\/gpart-creation.com\/wp-content\/uploads\/2021\/05\/auto-portrait-2-couleur-turquoise.jpg?resize=768%2C946&amp;ssl=1 768w, https:\/\/i0.wp.com\/gpart-creation.com\/wp-content\/uploads\/2021\/05\/auto-portrait-2-couleur-turquoise.jpg?resize=1247%2C1536&amp;ssl=1 1247w, https:\/\/i0.wp.com\/gpart-creation.com\/wp-content\/uploads\/2021\/05\/auto-portrait-2-couleur-turquoise.jpg?resize=1662%2C2048&amp;ssl=1 1662w, https:\/\/i0.wp.com\/gpart-creation.com\/wp-content\/uploads\/2021\/05\/auto-portrait-2-couleur-turquoise.jpg?resize=1140%2C1405&amp;ssl=1 1140w, https:\/\/i0.wp.com\/gpart-creation.com\/wp-content\/uploads\/2021\/05\/auto-portrait-2-couleur-turquoise.jpg?resize=600%2C739&amp;ssl=1 600w\" sizes=\"(max-width: 960px) 100vw, 960px\" \/>\t\t\t\t\t\t\t\t\t\t\t\t\t\t\t<\/div>\n\t\t\t\t<\/div>\n\t\t\t\t<div class=\"elementor-element elementor-element-66f20bd elementor-widget elementor-widget-heading\" data-id=\"66f20bd\" data-element_type=\"widget\" data-e-type=\"widget\" data-widget_type=\"heading.default\">\n\t\t\t\t<div class=\"elementor-widget-container\">\n\t\t\t\t\t<h2 class=\"elementor-heading-title elementor-size-default\">Artiste &amp; Cr\u00e9ative<\/h2>\t\t\t\t<\/div>\n\t\t\t\t<\/div>\n\t\t\t\t\t<\/div>\n\t\t<\/div>\n\t\t\t\t\t<\/div>\n\t\t<\/section>\n\t\t\t\t<\/div>\n\t\t","protected":false},"excerpt":{"rendered":"<p>Moi, c&rsquo;est Ga\u00eblle, artiste&nbsp;\u00ab\u00a0cr\u00e9ative &amp; passionn\u00e9e\u00a0\u00bb Je suis ce que l&rsquo;on peut appeler une touche \u00e0 tout. J&rsquo;aime cr\u00e9er sous toutes ses formes, de la sculpture \u00e0 la peinture en passant par l&rsquo;illustration ou le dessin. Passionn\u00e9e par la texture, la couleur et les volumes, j&rsquo;aime interpr\u00e9ter le mouvement, l&rsquo;expression, la sensation d\u00e9gag\u00e9 par le personnage, l&rsquo;image ou le paysage&#8230; Vous trouverez sur cette page mon univers et mes cr\u00e9ations. J&rsquo;esp\u00e8re que vous appr\u00e9cierez&#8230; Bonne visite. Artiste &amp; Cr\u00e9ative<\/p>\n","protected":false},"author":1,"featured_media":0,"parent":0,"menu_order":0,"comment_status":"closed","ping_status":"closed","template":"","meta":{"footnotes":""},"class_list":["post-652","page","type-page","status-publish","hentry"],"yoast_head":"<!-- This site is optimized with the Yoast SEO plugin v27.4 - https:\/\/yoast.com\/product\/yoast-seo-wordpress\/ -->\n<title>Gpart-cr\u00e9ation- Ga\u00eblle - Artiste - Cr\u00e9ative &amp; Passionn\u00e9e<\/title>\n<meta name=\"description\" content=\"Ga\u00eblle, Artiste cr\u00e9ative et passionn\u00e9e par la peinture, le dessin et le modelage. j&#039;aime interpr\u00e9ter le mouvement, les volumes, l&#039;expression..\" \/>\n<meta name=\"robots\" content=\"index, follow, max-snippet:-1, max-image-preview:large, max-video-preview:-1\" \/>\n<link rel=\"canonical\" href=\"https:\/\/gpart-creation.com\/\" \/>\n<meta property=\"og:locale\" content=\"fr_FR\" \/>\n<meta property=\"og:type\" content=\"article\" \/>\n<meta property=\"og:title\" content=\"Gpart-cr\u00e9ation- Ga\u00eblle - Artiste - Cr\u00e9ative &amp; Passionn\u00e9e\" \/>\n<meta property=\"og:description\" content=\"Ga\u00eblle, Artiste cr\u00e9ative et passionn\u00e9e par la peinture, le dessin et le modelage. j&#039;aime interpr\u00e9ter le mouvement, les volumes, l&#039;expression..\" \/>\n<meta property=\"og:url\" content=\"https:\/\/gpart-creation.com\/\" \/>\n<meta property=\"og:site_name\" content=\"gpart-creation\" \/>\n<meta property=\"article:modified_time\" content=\"2021-05-14T22:04:10+00:00\" \/>\n<meta property=\"og:image\" content=\"https:\/\/gpart-creation.com\/wp-content\/uploads\/2021\/05\/auto-portrait-2-couleur-turquoise.jpg\" \/>\n<meta name=\"twitter:card\" content=\"summary_large_image\" \/>\n<meta name=\"twitter:label1\" content=\"Dur\u00e9e de lecture estim\u00e9e\" \/>\n\t<meta name=\"twitter:data1\" content=\"1 minute\" \/>\n<script type=\"application\/ld+json\" class=\"yoast-schema-graph\">{\"@context\":\"https:\\\/\\\/schema.org\",\"@graph\":[{\"@type\":\"WebPage\",\"@id\":\"https:\\\/\\\/gpart-creation.com\\\/\",\"url\":\"https:\\\/\\\/gpart-creation.com\\\/\",\"name\":\"Gpart-cr\u00e9ation- Ga\u00eblle - Artiste - Cr\u00e9ative & Passionn\u00e9e\",\"isPartOf\":{\"@id\":\"https:\\\/\\\/gpart-creation.com\\\/#website\"},\"primaryImageOfPage\":{\"@id\":\"https:\\\/\\\/gpart-creation.com\\\/#primaryimage\"},\"image\":{\"@id\":\"https:\\\/\\\/gpart-creation.com\\\/#primaryimage\"},\"thumbnailUrl\":\"https:\\\/\\\/gpart-creation.com\\\/wp-content\\\/uploads\\\/2021\\\/05\\\/auto-portrait-2-couleur-turquoise.jpg\",\"datePublished\":\"2021-01-04T21:43:51+00:00\",\"dateModified\":\"2021-05-14T22:04:10+00:00\",\"description\":\"Ga\u00eblle, Artiste cr\u00e9ative et passionn\u00e9e par la peinture, le dessin et le modelage. j'aime interpr\u00e9ter le mouvement, les volumes, l'expression..\",\"breadcrumb\":{\"@id\":\"https:\\\/\\\/gpart-creation.com\\\/#breadcrumb\"},\"inLanguage\":\"fr-FR\",\"potentialAction\":[{\"@type\":\"ReadAction\",\"target\":[\"https:\\\/\\\/gpart-creation.com\\\/\"]}]},{\"@type\":\"ImageObject\",\"inLanguage\":\"fr-FR\",\"@id\":\"https:\\\/\\\/gpart-creation.com\\\/#primaryimage\",\"url\":\"https:\\\/\\\/i0.wp.com\\\/gpart-creation.com\\\/wp-content\\\/uploads\\\/2021\\\/05\\\/auto-portrait-2-couleur-turquoise.jpg?fit=1770%2C2181&ssl=1\",\"contentUrl\":\"https:\\\/\\\/i0.wp.com\\\/gpart-creation.com\\\/wp-content\\\/uploads\\\/2021\\\/05\\\/auto-portrait-2-couleur-turquoise.jpg?fit=1770%2C2181&ssl=1\",\"width\":1770,\"height\":2181,\"caption\":\"portrait num\u00e9rique gpart\"},{\"@type\":\"BreadcrumbList\",\"@id\":\"https:\\\/\\\/gpart-creation.com\\\/#breadcrumb\",\"itemListElement\":[{\"@type\":\"ListItem\",\"position\":1,\"name\":\"Accueil\",\"item\":\"https:\\\/\\\/gpart-creation.com\\\/\"},{\"@type\":\"ListItem\",\"position\":2,\"name\":\"BIENVENUE\"}]},{\"@type\":\"WebSite\",\"@id\":\"https:\\\/\\\/gpart-creation.com\\\/#website\",\"url\":\"https:\\\/\\\/gpart-creation.com\\\/\",\"name\":\"gpart-creation\",\"description\":\"mon univers d&#039;artiste\",\"potentialAction\":[{\"@type\":\"SearchAction\",\"target\":{\"@type\":\"EntryPoint\",\"urlTemplate\":\"https:\\\/\\\/gpart-creation.com\\\/?s={search_term_string}\"},\"query-input\":{\"@type\":\"PropertyValueSpecification\",\"valueRequired\":true,\"valueName\":\"search_term_string\"}}],\"inLanguage\":\"fr-FR\"}]}<\/script>\n<!-- \/ Yoast SEO plugin. -->","yoast_head_json":{"title":"Gpart-cr\u00e9ation- Ga\u00eblle - Artiste - Cr\u00e9ative & Passionn\u00e9e","description":"Ga\u00eblle, Artiste cr\u00e9ative et passionn\u00e9e par la peinture, le dessin et le modelage. j'aime interpr\u00e9ter le mouvement, les volumes, l'expression..","robots":{"index":"index","follow":"follow","max-snippet":"max-snippet:-1","max-image-preview":"max-image-preview:large","max-video-preview":"max-video-preview:-1"},"canonical":"https:\/\/gpart-creation.com\/","og_locale":"fr_FR","og_type":"article","og_title":"Gpart-cr\u00e9ation- Ga\u00eblle - Artiste - Cr\u00e9ative & Passionn\u00e9e","og_description":"Ga\u00eblle, Artiste cr\u00e9ative et passionn\u00e9e par la peinture, le dessin et le modelage. j'aime interpr\u00e9ter le mouvement, les volumes, l'expression..","og_url":"https:\/\/gpart-creation.com\/","og_site_name":"gpart-creation","article_modified_time":"2021-05-14T22:04:10+00:00","og_image":[{"url":"https:\/\/gpart-creation.com\/wp-content\/uploads\/2021\/05\/auto-portrait-2-couleur-turquoise.jpg","type":"","width":"","height":""}],"twitter_card":"summary_large_image","twitter_misc":{"Dur\u00e9e de lecture estim\u00e9e":"1 minute"},"schema":{"@context":"https:\/\/schema.org","@graph":[{"@type":"WebPage","@id":"https:\/\/gpart-creation.com\/","url":"https:\/\/gpart-creation.com\/","name":"Gpart-cr\u00e9ation- Ga\u00eblle - Artiste - Cr\u00e9ative & Passionn\u00e9e","isPartOf":{"@id":"https:\/\/gpart-creation.com\/#website"},"primaryImageOfPage":{"@id":"https:\/\/gpart-creation.com\/#primaryimage"},"image":{"@id":"https:\/\/gpart-creation.com\/#primaryimage"},"thumbnailUrl":"https:\/\/gpart-creation.com\/wp-content\/uploads\/2021\/05\/auto-portrait-2-couleur-turquoise.jpg","datePublished":"2021-01-04T21:43:51+00:00","dateModified":"2021-05-14T22:04:10+00:00","description":"Ga\u00eblle, Artiste cr\u00e9ative et passionn\u00e9e par la peinture, le dessin et le modelage. j'aime interpr\u00e9ter le mouvement, les volumes, l'expression..","breadcrumb":{"@id":"https:\/\/gpart-creation.com\/#breadcrumb"},"inLanguage":"fr-FR","potentialAction":[{"@type":"ReadAction","target":["https:\/\/gpart-creation.com\/"]}]},{"@type":"ImageObject","inLanguage":"fr-FR","@id":"https:\/\/gpart-creation.com\/#primaryimage","url":"https:\/\/i0.wp.com\/gpart-creation.com\/wp-content\/uploads\/2021\/05\/auto-portrait-2-couleur-turquoise.jpg?fit=1770%2C2181&ssl=1","contentUrl":"https:\/\/i0.wp.com\/gpart-creation.com\/wp-content\/uploads\/2021\/05\/auto-portrait-2-couleur-turquoise.jpg?fit=1770%2C2181&ssl=1","width":1770,"height":2181,"caption":"portrait num\u00e9rique gpart"},{"@type":"BreadcrumbList","@id":"https:\/\/gpart-creation.com\/#breadcrumb","itemListElement":[{"@type":"ListItem","position":1,"name":"Accueil","item":"https:\/\/gpart-creation.com\/"},{"@type":"ListItem","position":2,"name":"BIENVENUE"}]},{"@type":"WebSite","@id":"https:\/\/gpart-creation.com\/#website","url":"https:\/\/gpart-creation.com\/","name":"gpart-creation","description":"mon univers d&#039;artiste","potentialAction":[{"@type":"SearchAction","target":{"@type":"EntryPoint","urlTemplate":"https:\/\/gpart-creation.com\/?s={search_term_string}"},"query-input":{"@type":"PropertyValueSpecification","valueRequired":true,"valueName":"search_term_string"}}],"inLanguage":"fr-FR"}]}},"acf":[],"jetpack_sharing_enabled":true,"_links":{"self":[{"href":"https:\/\/gpart-creation.com\/index.php\/wp-json\/wp\/v2\/pages\/652","targetHints":{"allow":["GET"]}}],"collection":[{"href":"https:\/\/gpart-creation.com\/index.php\/wp-json\/wp\/v2\/pages"}],"about":[{"href":"https:\/\/gpart-creation.com\/index.php\/wp-json\/wp\/v2\/types\/page"}],"author":[{"embeddable":true,"href":"https:\/\/gpart-creation.com\/index.php\/wp-json\/wp\/v2\/users\/1"}],"replies":[{"embeddable":true,"href":"https:\/\/gpart-creation.com\/index.php\/wp-json\/wp\/v2\/comments?post=652"}],"version-history":[{"count":106,"href":"https:\/\/gpart-creation.com\/index.php\/wp-json\/wp\/v2\/pages\/652\/revisions"}],"predecessor-version":[{"id":1598,"href":"https:\/\/gpart-creation.com\/index.php\/wp-json\/wp\/v2\/pages\/652\/revisions\/1598"}],"wp:attachment":[{"href":"https:\/\/gpart-creation.com\/index.php\/wp-json\/wp\/v2\/media?parent=652"}],"curies":[{"name":"wp","href":"https:\/\/api.w.org\/{rel}","templated":true}]}}