{"id":848,"date":"2021-02-23T23:35:27","date_gmt":"2021-02-23T22:35:27","guid":{"rendered":"http:\/\/gpart-creation.com\/?page_id=848"},"modified":"2021-03-05T23:08:24","modified_gmt":"2021-03-05T22:08:24","slug":"actualite","status":"publish","type":"page","link":"https:\/\/gpart-creation.com\/index.php\/actualite\/","title":{"rendered":"ACTUALITE"},"content":{"rendered":"\t\t<div data-elementor-type=\"wp-page\" data-elementor-id=\"848\" class=\"elementor elementor-848\">\n\t\t\t\t\t\t<section class=\"elementor-section elementor-top-section elementor-element elementor-element-61f6705c elementor-section-boxed elementor-section-height-default elementor-section-height-default\" data-id=\"61f6705c\" data-element_type=\"section\" data-e-type=\"section\">\n\t\t\t\t\t\t<div class=\"elementor-container elementor-column-gap-default\">\n\t\t\t\t\t<div class=\"elementor-column elementor-col-100 elementor-top-column elementor-element elementor-element-5460f1cb\" data-id=\"5460f1cb\" data-element_type=\"column\" data-e-type=\"column\">\n\t\t\t<div class=\"elementor-widget-wrap elementor-element-populated\">\n\t\t\t\t\t\t<div class=\"elementor-element elementor-element-740e2446 elementor-widget elementor-widget-text-editor\" data-id=\"740e2446\" data-element_type=\"widget\" data-e-type=\"widget\" data-widget_type=\"text-editor.default\">\n\t\t\t\t<div class=\"elementor-widget-container\">\n\t\t\t\t\t\t\t\t\t<p><\/p>\n<div class=\"is-layout-flow wp-block-group-is-layout-flow\"><div class=\"wp-block-group__inner-container\">\n<div>\n<p><\/p>\n<h2 class=\"wp-block-heading\" style=\"text-align: left;\"><span style=\"color: #820220;\"><strong style=\"font-size: 23px; letter-spacing: 0px; font-family: 'Libre Caslon Display', sans-serif;\">Retrouvez-moi sur Etsy&#8230;<\/strong><\/span><\/h2>\n<p><\/p>\n<\/div>\n<\/div><\/div>\n<p><\/p>\n<div class=\"is-layout-flow wp-block-group-is-layout-flow\"><div class=\"wp-block-group__inner-container\">\n<div>\n<p><\/p>\n<p>En attendant l&rsquo;ouverture de ma boutique, j&rsquo;ai cr\u00e9\u00e9 un compte Etsy. Retrouvez-moi sur <span style=\"color: #000000;\"><strong>gpartcreation<\/strong><\/span><\/p>\n<p>Vous pourrez y retrouver mes illustrations \u00e0 la vente, imprim\u00e9es sur papier Fine Art au format A4 ou A3 pour un rendu plus r\u00e9aliste.<\/p>\n<p><\/p>\n<p>Mais ce n&rsquo;est pas tout&#8230;<\/p>\n<p>Vous aurez \u00e9galement la possibilit\u00e9&nbsp;<span style=\"letter-spacing: 0px;\">d&rsquo;immortaliser vos souvenirs (<\/span><span style=\"letter-spacing: 0px;\">portraits, photos de famille, d&rsquo;enfants, d&rsquo;amis, d&rsquo;objets, de lieux&#8230; )&nbsp;<\/span><span style=\"letter-spacing: 0px;\">au travers d&rsquo;une \u0153uvre originale.&nbsp; &nbsp; &nbsp; &nbsp; &nbsp; &nbsp;&nbsp;<\/span><span style=\"letter-spacing: 0px;\">&nbsp; &nbsp; &nbsp; &nbsp; &nbsp; &nbsp; &nbsp; &nbsp; &nbsp; &nbsp; &nbsp; &nbsp; &nbsp; &nbsp; &nbsp; &nbsp; &nbsp; &nbsp; &nbsp; &nbsp; &nbsp; &nbsp; &nbsp; &nbsp; &nbsp; &nbsp; &nbsp; &nbsp; &nbsp; &nbsp; &nbsp; &nbsp; &nbsp; &nbsp; &nbsp; &nbsp; &nbsp; &nbsp; &nbsp; &nbsp; &nbsp; &nbsp; &nbsp; &nbsp; &nbsp; &nbsp; &nbsp; &nbsp; &nbsp; &nbsp; &nbsp; &nbsp; &nbsp; &nbsp; &nbsp; &nbsp; &nbsp;&nbsp;<\/span><span style=\"letter-spacing: 0px;\">&nbsp; &nbsp; &nbsp;<\/span><span style=\"letter-spacing: 0px;\">Je fa\u00e7onne avec vous une illustration personnalis\u00e9e pour votre d\u00e9coration, vos faire-part ou tout simplement pour offrir un cadeau unique.&nbsp;<\/span><\/p>\n<\/div>\n<\/div>\n<p><\/p>\t\t\t\t\t\t\t\t<\/div>\n\t\t\t\t<\/div>\n\t\t\t\t\t<\/div>\n\t\t<\/div>\n\t\t\t\t\t<\/div>\n\t\t<\/section>\n\t\t\t\t<section class=\"elementor-section elementor-top-section elementor-element elementor-element-559cb47 elementor-section-boxed elementor-section-height-default elementor-section-height-default\" data-id=\"559cb47\" data-element_type=\"section\" data-e-type=\"section\">\n\t\t\t\t\t\t<div class=\"elementor-container elementor-column-gap-default\">\n\t\t\t\t\t<div class=\"elementor-column elementor-col-100 elementor-top-column elementor-element elementor-element-bf0d438\" data-id=\"bf0d438\" data-element_type=\"column\" data-e-type=\"column\">\n\t\t\t<div class=\"elementor-widget-wrap elementor-element-populated\">\n\t\t\t\t\t\t<div class=\"elementor-element elementor-element-920316f elementor-arrows-position-inside elementor-pagination-position-outside elementor-widget elementor-widget-image-carousel\" data-id=\"920316f\" data-element_type=\"widget\" data-e-type=\"widget\" data-settings=\"{&quot;slides_to_show&quot;:&quot;3&quot;,&quot;autoplay_speed&quot;:4000,&quot;image_spacing_custom&quot;:{&quot;unit&quot;:&quot;px&quot;,&quot;size&quot;:0,&quot;sizes&quot;:[]},&quot;speed&quot;:600,&quot;navigation&quot;:&quot;both&quot;,&quot;autoplay&quot;:&quot;yes&quot;,&quot;pause_on_hover&quot;:&quot;yes&quot;,&quot;pause_on_interaction&quot;:&quot;yes&quot;,&quot;infinite&quot;:&quot;yes&quot;,&quot;image_spacing_custom_tablet&quot;:{&quot;unit&quot;:&quot;px&quot;,&quot;size&quot;:&quot;&quot;,&quot;sizes&quot;:[]},&quot;image_spacing_custom_mobile&quot;:{&quot;unit&quot;:&quot;px&quot;,&quot;size&quot;:&quot;&quot;,&quot;sizes&quot;:[]}}\" data-widget_type=\"image-carousel.default\">\n\t\t\t\t<div class=\"elementor-widget-container\">\n\t\t\t\t\t\t\t<div class=\"elementor-image-carousel-wrapper swiper\" role=\"region\" aria-roledescription=\"carousel\" aria-label=\"Carrousel d\u2019images\" dir=\"ltr\">\n\t\t\t<div class=\"elementor-image-carousel swiper-wrapper\" aria-live=\"off\">\n\t\t\t\t\t\t\t\t<div class=\"swiper-slide\" role=\"group\" aria-roledescription=\"slide\" aria-label=\"1 sur 9\"><figure class=\"swiper-slide-inner\"><img decoding=\"async\" class=\"swiper-slide-image\" src=\"https:\/\/i0.wp.com\/gpart-creation.com\/wp-content\/uploads\/2021\/02\/illustration-mamie-papy-couleur-e1614206740864.jpg?fit=300%2C201&amp;ssl=1\" alt=\"les grands-parents forever\" \/><\/figure><\/div><div class=\"swiper-slide\" role=\"group\" aria-roledescription=\"slide\" aria-label=\"2 sur 9\"><figure class=\"swiper-slide-inner\"><img decoding=\"async\" class=\"swiper-slide-image\" src=\"https:\/\/i0.wp.com\/gpart-creation.com\/wp-content\/uploads\/2021\/02\/mamie2-grand.png?fit=300%2C201&amp;ssl=1\" alt=\"dessin et colorisation num\u00e9rique\" \/><\/figure><\/div><div class=\"swiper-slide\" role=\"group\" aria-roledescription=\"slide\" aria-label=\"3 sur 9\"><figure class=\"swiper-slide-inner\"><img decoding=\"async\" class=\"swiper-slide-image\" src=\"https:\/\/i0.wp.com\/gpart-creation.com\/wp-content\/uploads\/2021\/02\/mamie-papy-trait-grand.jpg?fit=300%2C201&amp;ssl=1\" alt=\"portrait num\u00e9rique couple\" \/><\/figure><\/div><div class=\"swiper-slide\" role=\"group\" aria-roledescription=\"slide\" aria-label=\"4 sur 9\"><figure class=\"swiper-slide-inner\"><img decoding=\"async\" class=\"swiper-slide-image\" src=\"https:\/\/i0.wp.com\/gpart-creation.com\/wp-content\/uploads\/2021\/02\/casta-fond.jpg?fit=214%2C300&amp;ssl=1\" alt=\"casta fond\" \/><\/figure><\/div><div class=\"swiper-slide\" role=\"group\" aria-roledescription=\"slide\" aria-label=\"5 sur 9\"><figure class=\"swiper-slide-inner\"><img decoding=\"async\" class=\"swiper-slide-image\" src=\"https:\/\/i0.wp.com\/gpart-creation.com\/wp-content\/uploads\/2021\/02\/louanemathis-TRAIT-fond-scaled.jpg?fit=225%2C300&amp;ssl=1\" alt=\"louane&amp;mathis TRAIT fond\" \/><\/figure><\/div><div class=\"swiper-slide\" role=\"group\" aria-roledescription=\"slide\" aria-label=\"6 sur 9\"><figure class=\"swiper-slide-inner\"><img decoding=\"async\" class=\"swiper-slide-image\" src=\"https:\/\/i0.wp.com\/gpart-creation.com\/wp-content\/uploads\/2021\/02\/auto-portrait-trait.jpg?fit=243%2C300&amp;ssl=1\" alt=\"dessin num\u00e9rique trait simple\" \/><\/figure><\/div><div class=\"swiper-slide\" role=\"group\" aria-roledescription=\"slide\" aria-label=\"7 sur 9\"><figure class=\"swiper-slide-inner\"><img decoding=\"async\" class=\"swiper-slide-image\" src=\"https:\/\/i0.wp.com\/gpart-creation.com\/wp-content\/uploads\/2021\/02\/nu-bleu-retouche-scaled.jpg?fit=214%2C300&amp;ssl=1\" alt=\"nu bleu retouch\u00e9\" \/><\/figure><\/div><div class=\"swiper-slide\" role=\"group\" aria-roledescription=\"slide\" aria-label=\"8 sur 9\"><figure class=\"swiper-slide-inner\"><img decoding=\"async\" class=\"swiper-slide-image\" src=\"https:\/\/i0.wp.com\/gpart-creation.com\/wp-content\/uploads\/2021\/02\/modele-vivant2bis-scaled.jpg?fit=195%2C300&amp;ssl=1\" alt=\"modele vivant2bis\" \/><\/figure><\/div><div class=\"swiper-slide\" role=\"group\" aria-roledescription=\"slide\" aria-label=\"9 sur 9\"><figure class=\"swiper-slide-inner\"><img decoding=\"async\" class=\"swiper-slide-image\" src=\"https:\/\/i0.wp.com\/gpart-creation.com\/wp-content\/uploads\/2021\/02\/128048498_10223562491266282_1618162280983444326_o-1.jpg?fit=300%2C300&amp;ssl=1\" alt=\"128048498_10223562491266282_1618162280983444326_o\" \/><\/figure><\/div>\t\t\t<\/div>\n\t\t\t\t\t\t\t\t\t\t\t\t<div class=\"elementor-swiper-button elementor-swiper-button-prev\" role=\"button\" tabindex=\"0\">\n\t\t\t\t\t\t<i aria-hidden=\"true\" class=\"eicon-chevron-left\"><\/i>\t\t\t\t\t<\/div>\n\t\t\t\t\t<div class=\"elementor-swiper-button elementor-swiper-button-next\" role=\"button\" tabindex=\"0\">\n\t\t\t\t\t\t<i aria-hidden=\"true\" class=\"eicon-chevron-right\"><\/i>\t\t\t\t\t<\/div>\n\t\t\t\t\n\t\t\t\t\t\t\t\t\t<div class=\"swiper-pagination\"><\/div>\n\t\t\t\t\t\t\t\t\t<\/div>\n\t\t\t\t\t\t<\/div>\n\t\t\t\t<\/div>\n\t\t\t\t\t<\/div>\n\t\t<\/div>\n\t\t\t\t\t<\/div>\n\t\t<\/section>\n\t\t\t\t<section class=\"elementor-section elementor-top-section elementor-element elementor-element-d5dff58 elementor-section-boxed elementor-section-height-default elementor-section-height-default\" data-id=\"d5dff58\" data-element_type=\"section\" data-e-type=\"section\">\n\t\t\t\t\t\t<div class=\"elementor-container elementor-column-gap-default\">\n\t\t\t\t\t<div class=\"elementor-column elementor-col-100 elementor-top-column elementor-element elementor-element-4763930\" data-id=\"4763930\" data-element_type=\"column\" data-e-type=\"column\">\n\t\t\t<div class=\"elementor-widget-wrap elementor-element-populated\">\n\t\t\t\t\t\t\t<\/div>\n\t\t<\/div>\n\t\t\t\t\t<\/div><\/div>\n\t\t<\/section>\n\t\t\t\t<\/div>\n\t\t","protected":false},"excerpt":{"rendered":"<p>Retrouvez-moi sur Etsy&#8230; En attendant l&rsquo;ouverture de ma boutique, j&rsquo;ai cr\u00e9\u00e9 un compte Etsy. Retrouvez-moi sur gpartcreation Vous pourrez y retrouver mes illustrations \u00e0 la vente, imprim\u00e9es sur papier Fine Art au format A4 ou A3 pour un rendu plus r\u00e9aliste. Mais ce n&rsquo;est pas tout&#8230; Vous aurez \u00e9galement la possibilit\u00e9&nbsp;d&rsquo;immortaliser vos souvenirs (portraits, photos de famille, d&rsquo;enfants, d&rsquo;amis, d&rsquo;objets, de lieux&#8230; )&nbsp;au travers d&rsquo;une \u0153uvre originale.&nbsp; &nbsp; &nbsp; &nbsp; &nbsp; &nbsp;&nbsp;&nbsp; &nbsp; &nbsp; &nbsp; &nbsp; &nbsp; &nbsp; &nbsp; &nbsp; &nbsp; &nbsp; &nbsp; &nbsp; &nbsp; &nbsp; &nbsp; &nbsp; &nbsp; &nbsp; &nbsp; &nbsp; &nbsp; &nbsp; &nbsp; &nbsp; &nbsp; &nbsp; &nbsp; &nbsp; &nbsp; &nbsp; &nbsp; &nbsp; &nbsp; &nbsp; &nbsp; &nbsp; &nbsp; &nbsp; &nbsp; &nbsp; &nbsp; &nbsp; &nbsp; &nbsp; &nbsp; &nbsp; &nbsp; &nbsp; &nbsp; &nbsp; &nbsp; &nbsp; &nbsp; &nbsp; &nbsp; &nbsp;&nbsp;&nbsp; &nbsp; &nbsp;Je fa\u00e7onne avec vous une illustration personnalis\u00e9e pour votre d\u00e9coration, vos faire-part ou tout simplement pour offrir un cadeau unique.&nbsp;<\/p>\n","protected":false},"author":1,"featured_media":0,"parent":0,"menu_order":0,"comment_status":"closed","ping_status":"closed","template":"","meta":{"footnotes":""},"class_list":["post-848","page","type-page","status-publish","hentry"],"yoast_head":"<!-- This site is optimized with the Yoast SEO plugin v27.4 - https:\/\/yoast.com\/product\/yoast-seo-wordpress\/ -->\n<title>ACTUALITE - gpart-creation<\/title>\n<meta name=\"robots\" content=\"index, follow, max-snippet:-1, max-image-preview:large, max-video-preview:-1\" \/>\n<link rel=\"canonical\" href=\"https:\/\/gpart-creation.com\/index.php\/actualite\/\" \/>\n<meta property=\"og:locale\" content=\"fr_FR\" \/>\n<meta property=\"og:type\" content=\"article\" \/>\n<meta property=\"og:title\" content=\"ACTUALITE - gpart-creation\" \/>\n<meta property=\"og:description\" content=\"Retrouvez-moi sur Etsy&#8230; En attendant l&rsquo;ouverture de ma boutique, j&rsquo;ai cr\u00e9\u00e9 un compte Etsy. Retrouvez-moi sur gpartcreation Vous pourrez y retrouver mes illustrations \u00e0 la vente, imprim\u00e9es sur papier Fine Art au format A4 ou A3 pour un rendu plus r\u00e9aliste. Mais ce n&rsquo;est pas tout&#8230; Vous aurez \u00e9galement la possibilit\u00e9&nbsp;d&rsquo;immortaliser vos souvenirs (portraits, photos de famille, d&rsquo;enfants, d&rsquo;amis, d&rsquo;objets, de lieux&#8230; )&nbsp;au travers d&rsquo;une \u0153uvre originale.&nbsp; &nbsp; &nbsp; &nbsp; &nbsp; &nbsp;&nbsp;&nbsp; &nbsp; &nbsp; &nbsp; &nbsp; &nbsp; &nbsp; &nbsp; &nbsp; &nbsp; &nbsp; &nbsp; &nbsp; &nbsp; &nbsp; &nbsp; &nbsp; &nbsp; &nbsp; &nbsp; &nbsp; &nbsp; &nbsp; &nbsp; &nbsp; &nbsp; &nbsp; &nbsp; &nbsp; &nbsp; &nbsp; &nbsp; &nbsp; &nbsp; &nbsp; &nbsp; &nbsp; &nbsp; &nbsp; &nbsp; &nbsp; &nbsp; &nbsp; &nbsp; &nbsp; &nbsp; &nbsp; &nbsp; &nbsp; &nbsp; &nbsp; &nbsp; &nbsp; &nbsp; &nbsp; &nbsp; &nbsp;&nbsp;&nbsp; &nbsp; &nbsp;Je fa\u00e7onne avec vous une illustration personnalis\u00e9e pour votre d\u00e9coration, vos faire-part ou tout simplement pour offrir un cadeau unique.&nbsp;\" \/>\n<meta property=\"og:url\" content=\"https:\/\/gpart-creation.com\/index.php\/actualite\/\" \/>\n<meta property=\"og:site_name\" content=\"gpart-creation\" \/>\n<meta property=\"article:modified_time\" content=\"2021-03-05T22:08:24+00:00\" \/>\n<meta property=\"og:image\" content=\"http:\/\/gpart-creation.com\/wp-content\/uploads\/2021\/02\/illustration-mamie-papy-couleur-300x201.jpg\" \/>\n<meta name=\"twitter:card\" content=\"summary_large_image\" \/>\n<meta name=\"twitter:label1\" content=\"Dur\u00e9e de lecture estim\u00e9e\" \/>\n\t<meta name=\"twitter:data1\" content=\"1 minute\" \/>\n<script type=\"application\/ld+json\" class=\"yoast-schema-graph\">{\"@context\":\"https:\\\/\\\/schema.org\",\"@graph\":[{\"@type\":\"WebPage\",\"@id\":\"https:\\\/\\\/gpart-creation.com\\\/index.php\\\/actualite\\\/\",\"url\":\"https:\\\/\\\/gpart-creation.com\\\/index.php\\\/actualite\\\/\",\"name\":\"ACTUALITE - gpart-creation\",\"isPartOf\":{\"@id\":\"https:\\\/\\\/gpart-creation.com\\\/#website\"},\"primaryImageOfPage\":{\"@id\":\"https:\\\/\\\/gpart-creation.com\\\/index.php\\\/actualite\\\/#primaryimage\"},\"image\":{\"@id\":\"https:\\\/\\\/gpart-creation.com\\\/index.php\\\/actualite\\\/#primaryimage\"},\"thumbnailUrl\":\"http:\\\/\\\/gpart-creation.com\\\/wp-content\\\/uploads\\\/2021\\\/02\\\/illustration-mamie-papy-couleur-300x201.jpg\",\"datePublished\":\"2021-02-23T22:35:27+00:00\",\"dateModified\":\"2021-03-05T22:08:24+00:00\",\"breadcrumb\":{\"@id\":\"https:\\\/\\\/gpart-creation.com\\\/index.php\\\/actualite\\\/#breadcrumb\"},\"inLanguage\":\"fr-FR\",\"potentialAction\":[{\"@type\":\"ReadAction\",\"target\":[\"https:\\\/\\\/gpart-creation.com\\\/index.php\\\/actualite\\\/\"]}]},{\"@type\":\"ImageObject\",\"inLanguage\":\"fr-FR\",\"@id\":\"https:\\\/\\\/gpart-creation.com\\\/index.php\\\/actualite\\\/#primaryimage\",\"url\":\"http:\\\/\\\/gpart-creation.com\\\/wp-content\\\/uploads\\\/2021\\\/02\\\/illustration-mamie-papy-couleur-300x201.jpg\",\"contentUrl\":\"http:\\\/\\\/gpart-creation.com\\\/wp-content\\\/uploads\\\/2021\\\/02\\\/illustration-mamie-papy-couleur-300x201.jpg\"},{\"@type\":\"BreadcrumbList\",\"@id\":\"https:\\\/\\\/gpart-creation.com\\\/index.php\\\/actualite\\\/#breadcrumb\",\"itemListElement\":[{\"@type\":\"ListItem\",\"position\":1,\"name\":\"Accueil\",\"item\":\"https:\\\/\\\/gpart-creation.com\\\/\"},{\"@type\":\"ListItem\",\"position\":2,\"name\":\"ACTUALITE\"}]},{\"@type\":\"WebSite\",\"@id\":\"https:\\\/\\\/gpart-creation.com\\\/#website\",\"url\":\"https:\\\/\\\/gpart-creation.com\\\/\",\"name\":\"gpart-creation\",\"description\":\"mon univers d&#039;artiste\",\"potentialAction\":[{\"@type\":\"SearchAction\",\"target\":{\"@type\":\"EntryPoint\",\"urlTemplate\":\"https:\\\/\\\/gpart-creation.com\\\/?s={search_term_string}\"},\"query-input\":{\"@type\":\"PropertyValueSpecification\",\"valueRequired\":true,\"valueName\":\"search_term_string\"}}],\"inLanguage\":\"fr-FR\"}]}<\/script>\n<!-- \/ Yoast SEO plugin. -->","yoast_head_json":{"title":"ACTUALITE - gpart-creation","robots":{"index":"index","follow":"follow","max-snippet":"max-snippet:-1","max-image-preview":"max-image-preview:large","max-video-preview":"max-video-preview:-1"},"canonical":"https:\/\/gpart-creation.com\/index.php\/actualite\/","og_locale":"fr_FR","og_type":"article","og_title":"ACTUALITE - gpart-creation","og_description":"Retrouvez-moi sur Etsy&#8230; En attendant l&rsquo;ouverture de ma boutique, j&rsquo;ai cr\u00e9\u00e9 un compte Etsy. Retrouvez-moi sur gpartcreation Vous pourrez y retrouver mes illustrations \u00e0 la vente, imprim\u00e9es sur papier Fine Art au format A4 ou A3 pour un rendu plus r\u00e9aliste. Mais ce n&rsquo;est pas tout&#8230; Vous aurez \u00e9galement la possibilit\u00e9&nbsp;d&rsquo;immortaliser vos souvenirs (portraits, photos de famille, d&rsquo;enfants, d&rsquo;amis, d&rsquo;objets, de lieux&#8230; )&nbsp;au travers d&rsquo;une \u0153uvre originale.&nbsp; &nbsp; &nbsp; &nbsp; &nbsp; &nbsp;&nbsp;&nbsp; &nbsp; &nbsp; &nbsp; &nbsp; &nbsp; &nbsp; &nbsp; &nbsp; &nbsp; &nbsp; &nbsp; &nbsp; &nbsp; &nbsp; &nbsp; &nbsp; &nbsp; &nbsp; &nbsp; &nbsp; &nbsp; &nbsp; &nbsp; &nbsp; &nbsp; &nbsp; &nbsp; &nbsp; &nbsp; &nbsp; &nbsp; &nbsp; &nbsp; &nbsp; &nbsp; &nbsp; &nbsp; &nbsp; &nbsp; &nbsp; &nbsp; &nbsp; &nbsp; &nbsp; &nbsp; &nbsp; &nbsp; &nbsp; &nbsp; &nbsp; &nbsp; &nbsp; &nbsp; &nbsp; &nbsp; &nbsp;&nbsp;&nbsp; &nbsp; &nbsp;Je fa\u00e7onne avec vous une illustration personnalis\u00e9e pour votre d\u00e9coration, vos faire-part ou tout simplement pour offrir un cadeau unique.&nbsp;","og_url":"https:\/\/gpart-creation.com\/index.php\/actualite\/","og_site_name":"gpart-creation","article_modified_time":"2021-03-05T22:08:24+00:00","og_image":[{"url":"http:\/\/gpart-creation.com\/wp-content\/uploads\/2021\/02\/illustration-mamie-papy-couleur-300x201.jpg","type":"","width":"","height":""}],"twitter_card":"summary_large_image","twitter_misc":{"Dur\u00e9e de lecture estim\u00e9e":"1 minute"},"schema":{"@context":"https:\/\/schema.org","@graph":[{"@type":"WebPage","@id":"https:\/\/gpart-creation.com\/index.php\/actualite\/","url":"https:\/\/gpart-creation.com\/index.php\/actualite\/","name":"ACTUALITE - gpart-creation","isPartOf":{"@id":"https:\/\/gpart-creation.com\/#website"},"primaryImageOfPage":{"@id":"https:\/\/gpart-creation.com\/index.php\/actualite\/#primaryimage"},"image":{"@id":"https:\/\/gpart-creation.com\/index.php\/actualite\/#primaryimage"},"thumbnailUrl":"http:\/\/gpart-creation.com\/wp-content\/uploads\/2021\/02\/illustration-mamie-papy-couleur-300x201.jpg","datePublished":"2021-02-23T22:35:27+00:00","dateModified":"2021-03-05T22:08:24+00:00","breadcrumb":{"@id":"https:\/\/gpart-creation.com\/index.php\/actualite\/#breadcrumb"},"inLanguage":"fr-FR","potentialAction":[{"@type":"ReadAction","target":["https:\/\/gpart-creation.com\/index.php\/actualite\/"]}]},{"@type":"ImageObject","inLanguage":"fr-FR","@id":"https:\/\/gpart-creation.com\/index.php\/actualite\/#primaryimage","url":"http:\/\/gpart-creation.com\/wp-content\/uploads\/2021\/02\/illustration-mamie-papy-couleur-300x201.jpg","contentUrl":"http:\/\/gpart-creation.com\/wp-content\/uploads\/2021\/02\/illustration-mamie-papy-couleur-300x201.jpg"},{"@type":"BreadcrumbList","@id":"https:\/\/gpart-creation.com\/index.php\/actualite\/#breadcrumb","itemListElement":[{"@type":"ListItem","position":1,"name":"Accueil","item":"https:\/\/gpart-creation.com\/"},{"@type":"ListItem","position":2,"name":"ACTUALITE"}]},{"@type":"WebSite","@id":"https:\/\/gpart-creation.com\/#website","url":"https:\/\/gpart-creation.com\/","name":"gpart-creation","description":"mon univers d&#039;artiste","potentialAction":[{"@type":"SearchAction","target":{"@type":"EntryPoint","urlTemplate":"https:\/\/gpart-creation.com\/?s={search_term_string}"},"query-input":{"@type":"PropertyValueSpecification","valueRequired":true,"valueName":"search_term_string"}}],"inLanguage":"fr-FR"}]}},"acf":[],"jetpack_sharing_enabled":true,"_links":{"self":[{"href":"https:\/\/gpart-creation.com\/index.php\/wp-json\/wp\/v2\/pages\/848","targetHints":{"allow":["GET"]}}],"collection":[{"href":"https:\/\/gpart-creation.com\/index.php\/wp-json\/wp\/v2\/pages"}],"about":[{"href":"https:\/\/gpart-creation.com\/index.php\/wp-json\/wp\/v2\/types\/page"}],"author":[{"embeddable":true,"href":"https:\/\/gpart-creation.com\/index.php\/wp-json\/wp\/v2\/users\/1"}],"replies":[{"embeddable":true,"href":"https:\/\/gpart-creation.com\/index.php\/wp-json\/wp\/v2\/comments?post=848"}],"version-history":[{"count":84,"href":"https:\/\/gpart-creation.com\/index.php\/wp-json\/wp\/v2\/pages\/848\/revisions"}],"predecessor-version":[{"id":1587,"href":"https:\/\/gpart-creation.com\/index.php\/wp-json\/wp\/v2\/pages\/848\/revisions\/1587"}],"wp:attachment":[{"href":"https:\/\/gpart-creation.com\/index.php\/wp-json\/wp\/v2\/media?parent=848"}],"curies":[{"name":"wp","href":"https:\/\/api.w.org\/{rel}","templated":true}]}}